{"id":24987,"date":"2023-12-01T01:25:41","date_gmt":"2023-12-01T06:25:41","guid":{"rendered":"https:\/\/sirixmonitoring.com\/?page_id=24987"},"modified":"2026-01-09T04:32:36","modified_gmt":"2026-01-09T09:32:36","slug":"trouver-un-partenaire","status":"publish","type":"page","link":"https:\/\/sirixmonitoring.com\/fr\/find-a-partner\/","title":{"rendered":"Trouver un partenaire"},"content":{"rendered":"\t\t<div data-elementor-type=\"wp-page\" data-elementor-id=\"24987\" class=\"elementor elementor-24987\" data-elementor-post-type=\"page\">\n\t\t\t\t<div class=\"elementor-element elementor-element-6a5feef e-con-full e-flex e-con e-parent\" data-id=\"6a5feef\" data-element_type=\"container\" data-e-type=\"container\">\n\t\t<div class=\"elementor-element elementor-element-cad82be e-con-full e-flex e-con e-child\" data-id=\"cad82be\" data-element_type=\"container\" data-e-type=\"container\" data-settings=\"{&quot;background_background&quot;:&quot;classic&quot;}\">\n\t\t<div class=\"elementor-element elementor-element-6f71d59 e-flex e-con-boxed e-con e-child\" data-id=\"6f71d59\" data-element_type=\"container\" data-e-type=\"container\">\n\t\t\t\t\t<div class=\"e-con-inner\">\n\t\t\t\t<div class=\"elementor-element elementor-element-d75b0ae elementor-widget elementor-widget-heading\" data-id=\"d75b0ae\" data-element_type=\"widget\" data-e-type=\"widget\" data-widget_type=\"heading.default\">\n\t\t\t\t<div class=\"elementor-widget-container\">\n\t\t\t\t\t<h5 class=\"elementor-heading-title elementor-size-default\">Sirix cooperative ventures<\/h5>\t\t\t\t<\/div>\n\t\t\t\t<\/div>\n\t\t\t\t<div class=\"elementor-element elementor-element-be19920 elementor-widget elementor-widget-heading\" data-id=\"be19920\" data-element_type=\"widget\" data-e-type=\"widget\" data-widget_type=\"heading.default\">\n\t\t\t\t<div class=\"elementor-widget-container\">\n\t\t\t\t\t<h1 class=\"elementor-heading-title elementor-size-default\">Find a partner<\/h1>\t\t\t\t<\/div>\n\t\t\t\t<\/div>\n\t\t\t\t<div class=\"elementor-element elementor-element-1510b0f elementor-widget elementor-widget-text-editor\" data-id=\"1510b0f\" data-element_type=\"widget\" data-e-type=\"widget\" data-widget_type=\"text-editor.default\">\n\t\t\t\t<div class=\"elementor-widget-container\">\n\t\t\t\t\t\t\t\t\t<p>Become a partner and strengthen our network with your expertise in security. Unlock opportunities for mutual growth, foster collaboration, and play a vital role in our mission to elevate safety and well-being.<\/p>\t\t\t\t\t\t\t\t<\/div>\n\t\t\t\t<\/div>\n\t\t\t\t<div class=\"elementor-element elementor-element-5d2bb1e elementor-mobile-align-center elementor-widget elementor-widget-button\" data-id=\"5d2bb1e\" data-element_type=\"widget\" data-e-type=\"widget\" data-widget_type=\"button.default\">\n\t\t\t\t<div class=\"elementor-widget-container\">\n\t\t\t\t\t\t\t\t\t<div class=\"elementor-button-wrapper\">\n\t\t\t\t\t<a class=\"elementor-button elementor-button-link elementor-size-sm\" href=\"https:\/\/sirixmonitoring.com\/contact\/\">\n\t\t\t\t\t\t<span class=\"elementor-button-content-wrapper\">\n\t\t\t\t\t\t\t\t\t<span class=\"elementor-button-text\">Speak to the team<\/span>\n\t\t\t\t\t<\/span>\n\t\t\t\t\t<\/a>\n\t\t\t\t<\/div>\n\t\t\t\t\t\t\t\t<\/div>\n\t\t\t\t<\/div>\n\t\t\t\t\t<\/div>\n\t\t\t\t<\/div>\n\t\t\t\t<\/div>\n\t\t<div class=\"elementor-element elementor-element-1d9ecea e-con-full e-flex e-con e-child\" data-id=\"1d9ecea\" data-element_type=\"container\" data-e-type=\"container\" data-settings=\"{&quot;background_background&quot;:&quot;classic&quot;}\">\n\t\t\t\t<div class=\"elementor-element elementor-element-e9ab6d5 elementor-widget elementor-widget-spacer\" data-id=\"e9ab6d5\" data-element_type=\"widget\" data-e-type=\"widget\" data-widget_type=\"spacer.default\">\n\t\t\t\t<div class=\"elementor-widget-container\">\n\t\t\t\t\t\t\t<div class=\"elementor-spacer\">\n\t\t\t<div class=\"elementor-spacer-inner\"><\/div>\n\t\t<\/div>\n\t\t\t\t\t\t<\/div>\n\t\t\t\t<\/div>\n\t\t\t\t<\/div>\n\t\t\t\t<\/div>\n\t\t\t\t<section class=\"elementor-section elementor-top-section elementor-element elementor-element-fea373d elementor-section-full_width elementor-section-height-default elementor-section-height-default\" data-id=\"fea373d\" data-element_type=\"section\" data-e-type=\"section\" data-settings=\"{&quot;background_background&quot;:&quot;classic&quot;}\">\n\t\t\t\t\t\t\t<div class=\"elementor-background-overlay\"><\/div>\n\t\t\t\t\t\t\t<div class=\"elementor-container elementor-column-gap-default\">\n\t\t\t\t\t<div class=\"elementor-column elementor-col-100 elementor-top-column elementor-element elementor-element-3b25938\" data-id=\"3b25938\" data-element_type=\"column\" data-e-type=\"column\" data-settings=\"{&quot;background_background&quot;:&quot;classic&quot;}\">\n\t\t\t<div class=\"elementor-widget-wrap elementor-element-populated\">\n\t\t\t\t\t\t<section class=\"elementor-section elementor-inner-section elementor-element elementor-element-b3f976e elementor-section-boxed elementor-section-height-default elementor-section-height-default\" data-id=\"b3f976e\" data-element_type=\"section\" data-e-type=\"section\">\n\t\t\t\t\t\t<div class=\"elementor-container elementor-column-gap-no\">\n\t\t\t\t\t<div class=\"elementor-column elementor-col-100 elementor-inner-column elementor-element elementor-element-08445b0\" data-id=\"08445b0\" data-element_type=\"column\" data-e-type=\"column\" data-settings=\"{&quot;background_background&quot;:&quot;classic&quot;}\">\n\t\t\t<div class=\"elementor-widget-wrap elementor-element-populated\">\n\t\t\t\t\t\t<section class=\"elementor-section elementor-inner-section elementor-element elementor-element-1280795 elementor-section-boxed elementor-section-height-default elementor-section-height-default\" data-id=\"1280795\" data-element_type=\"section\" data-e-type=\"section\" data-settings=\"{&quot;background_background&quot;:&quot;classic&quot;}\">\n\t\t\t\t\t\t<div class=\"elementor-container elementor-column-gap-default\">\n\t\t\t\t\t<div class=\"elementor-column elementor-col-100 elementor-inner-column elementor-element elementor-element-0d655e2\" data-id=\"0d655e2\" data-element_type=\"column\" data-e-type=\"column\" data-settings=\"{&quot;background_background&quot;:&quot;classic&quot;}\">\n\t\t\t<div class=\"elementor-widget-wrap elementor-element-populated\">\n\t\t\t\t\t\t<div class=\"elementor-element elementor-element-1906180 apl-headings elementor-widget elementor-widget-heading\" data-id=\"1906180\" data-element_type=\"widget\" data-e-type=\"widget\" data-widget_type=\"heading.default\">\n\t\t\t\t<div class=\"elementor-widget-container\">\n\t\t\t\t\t<h2 class=\"elementor-heading-title elementor-size-default\">Get connected with a certified partner today!<\/h2>\t\t\t\t<\/div>\n\t\t\t\t<\/div>\n\t\t\t\t<div class=\"elementor-element elementor-element-ffa9cbd elementor-widget elementor-widget-text-editor\" data-id=\"ffa9cbd\" data-element_type=\"widget\" data-e-type=\"widget\" data-widget_type=\"text-editor.default\">\n\t\t\t\t<div class=\"elementor-widget-container\">\n\t\t\t\t\t\t\t\t\t<p>Please fill out the form below, so that one of our representatives can quickly connect you with the right certified partner who can best help with your security needs and questions. Let us put you in contact with proven industry leaders who can provide the right solutions for your project right away.<\/p>\t\t\t\t\t\t\t\t<\/div>\n\t\t\t\t<\/div>\n\t\t\t\t\t<\/div>\n\t\t<\/div>\n\t\t\t\t\t<\/div>\n\t\t<\/section>\n\t\t\t\t<section class=\"elementor-section elementor-inner-section elementor-element elementor-element-ee28021 elementor-section-boxed elementor-section-height-default elementor-section-height-default\" data-id=\"ee28021\" data-element_type=\"section\" data-e-type=\"section\" data-settings=\"{&quot;background_background&quot;:&quot;classic&quot;}\">\n\t\t\t\t\t\t<div class=\"elementor-container elementor-column-gap-default\">\n\t\t\t\t\t<div class=\"elementor-column elementor-col-100 elementor-inner-column elementor-element elementor-element-a0bbeb6\" data-id=\"a0bbeb6\" data-element_type=\"column\" data-e-type=\"column\" data-settings=\"{&quot;background_background&quot;:&quot;classic&quot;}\">\n\t\t\t<div class=\"elementor-widget-wrap elementor-element-populated\">\n\t\t\t\t\t\t<div class=\"elementor-element elementor-element-d9c0ff2 elementor-button-align-start elementor-widget elementor-widget-form\" data-id=\"d9c0ff2\" data-element_type=\"widget\" data-e-type=\"widget\" data-settings=\"{&quot;step_next_label&quot;:&quot;Next&quot;,&quot;step_previous_label&quot;:&quot;Previous&quot;,&quot;button_width_tablet&quot;:&quot;100&quot;,&quot;button_width&quot;:&quot;100&quot;,&quot;step_type&quot;:&quot;number_text&quot;,&quot;step_icon_shape&quot;:&quot;circle&quot;}\" data-widget_type=\"form.default\">\n\t\t\t\t<div class=\"elementor-widget-container\">\n\t\t\t\t\t\t\t<form class=\"elementor-form\" method=\"post\" name=\"Find a partner\" aria-label=\"Find a partner\">\n\t\t\t<input type=\"hidden\" name=\"post_id\" value=\"24987\"\/>\n\t\t\t<input type=\"hidden\" name=\"form_id\" value=\"d9c0ff2\"\/>\n\t\t\t<input type=\"hidden\" name=\"referer_title\" value=\"Sirix Monitoring\" \/>\n\n\t\t\t\n\t\t\t<div class=\"elementor-form-fields-wrapper elementor-labels-above\">\n\t\t\t\t\t\t\t\t<div class=\"elementor-field-type-text elementor-field-group elementor-column elementor-field-group-field_aeedb39 elementor-col-50 elementor-field-required elementor-mark-required\">\n\t\t\t\t\t\t\t\t\t\t\t\t<label for=\"form-field-field_aeedb39\" class=\"elementor-field-label\">\n\t\t\t\t\t\t\t\tFirst name\t\t\t\t\t\t\t<\/label>\n\t\t\t\t\t\t\t\t\t\t\t\t\t\t<input size=\"1\" type=\"text\" name=\"form_fields[field_aeedb39]\" id=\"form-field-field_aeedb39\" class=\"elementor-field elementor-size-lg  elementor-field-textual\" placeholder=\"First name\" required=\"required\">\n\t\t\t\t\t\t\t\t\t\t\t<\/div>\n\t\t\t\t\t\t\t\t<div class=\"elementor-field-type-text elementor-field-group elementor-column elementor-field-group-field_7b96b7e elementor-col-50 elementor-field-required elementor-mark-required\">\n\t\t\t\t\t\t\t\t\t\t\t\t<label for=\"form-field-field_7b96b7e\" class=\"elementor-field-label\">\n\t\t\t\t\t\t\t\tLast name\t\t\t\t\t\t\t<\/label>\n\t\t\t\t\t\t\t\t\t\t\t\t\t\t<input size=\"1\" type=\"text\" name=\"form_fields[field_7b96b7e]\" id=\"form-field-field_7b96b7e\" class=\"elementor-field elementor-size-lg  elementor-field-textual\" placeholder=\"Last name\" required=\"required\">\n\t\t\t\t\t\t\t\t\t\t\t<\/div>\n\t\t\t\t\t\t\t\t<div class=\"elementor-field-type-email elementor-field-group elementor-column elementor-field-group-field_5b6f0f1 elementor-col-50 elementor-field-required elementor-mark-required\">\n\t\t\t\t\t\t\t\t\t\t\t\t<label for=\"form-field-field_5b6f0f1\" class=\"elementor-field-label\">\n\t\t\t\t\t\t\t\tWork email\t\t\t\t\t\t\t<\/label>\n\t\t\t\t\t\t\t\t\t\t\t\t\t\t<input size=\"1\" type=\"email\" name=\"form_fields[field_5b6f0f1]\" id=\"form-field-field_5b6f0f1\" class=\"elementor-field elementor-size-lg  elementor-field-textual\" placeholder=\"Work email\" required=\"required\">\n\t\t\t\t\t\t\t\t\t\t\t<\/div>\n\t\t\t\t\t\t\t\t<div class=\"elementor-field-type-number elementor-field-group elementor-column elementor-field-group-field_47d371b elementor-col-50\">\n\t\t\t\t\t\t\t\t\t\t\t\t<label for=\"form-field-field_47d371b\" class=\"elementor-field-label\">\n\t\t\t\t\t\t\t\tPhone number\t\t\t\t\t\t\t<\/label>\n\t\t\t\t\t\t\t\t\t<input type=\"number\" name=\"form_fields[field_47d371b]\" id=\"form-field-field_47d371b\" class=\"elementor-field elementor-size-lg  elementor-field-textual\" placeholder=\"Phone number\" min=\"\" max=\"\" >\n\t\t\t\t\t\t<\/div>\n\t\t\t\t\t\t\t\t<div class=\"elementor-field-type-text elementor-field-group elementor-column elementor-field-group-field_b86c32b elementor-col-50 elementor-field-required elementor-mark-required\">\n\t\t\t\t\t\t\t\t\t\t\t\t<label for=\"form-field-field_b86c32b\" class=\"elementor-field-label\">\n\t\t\t\t\t\t\t\tCompany name\t\t\t\t\t\t\t<\/label>\n\t\t\t\t\t\t\t\t\t\t\t\t\t\t<input size=\"1\" type=\"text\" name=\"form_fields[field_b86c32b]\" id=\"form-field-field_b86c32b\" class=\"elementor-field elementor-size-lg  elementor-field-textual\" placeholder=\"Company name\" required=\"required\">\n\t\t\t\t\t\t\t\t\t\t\t<\/div>\n\t\t\t\t\t\t\t\t<div class=\"elementor-field-type-text elementor-field-group elementor-column elementor-field-group-field_0b95ccc elementor-col-50 elementor-field-required elementor-mark-required\">\n\t\t\t\t\t\t\t\t\t\t\t\t<label for=\"form-field-field_0b95ccc\" class=\"elementor-field-label\">\n\t\t\t\t\t\t\t\tPostal code\t\t\t\t\t\t\t<\/label>\n\t\t\t\t\t\t\t\t\t\t\t\t\t\t<input size=\"1\" type=\"text\" name=\"form_fields[field_0b95ccc]\" id=\"form-field-field_0b95ccc\" class=\"elementor-field elementor-size-lg  elementor-field-textual\" placeholder=\"Postal code\" required=\"required\">\n\t\t\t\t\t\t\t\t\t\t\t<\/div>\n\t\t\t\t\t\t\t\t<div class=\"elementor-field-type-textarea elementor-field-group elementor-column elementor-field-group-field_819393d elementor-col-100\">\n\t\t\t\t\t\t\t\t\t\t\t\t<label for=\"form-field-field_819393d\" class=\"elementor-field-label\">\n\t\t\t\t\t\t\t\tWhat can we help you with ?\t\t\t\t\t\t\t<\/label>\n\t\t\t\t\t\t<textarea class=\"elementor-field-textual elementor-field  elementor-size-lg\" name=\"form_fields[field_819393d]\" id=\"form-field-field_819393d\" rows=\"4\" placeholder=\"What can we help you with ?\"><\/textarea>\t\t\t\t<\/div>\n\t\t\t\t\t\t\t\t<div class=\"elementor-field-group elementor-column elementor-field-type-submit elementor-col-100 e-form__buttons elementor-md-100\">\n\t\t\t\t\t<button class=\"elementor-button elementor-size-md\" type=\"submit\">\n\t\t\t\t\t\t<span class=\"elementor-button-content-wrapper\">\n\t\t\t\t\t\t\t\t\t\t\t\t\t\t\t\t\t\t\t\t\t\t<span class=\"elementor-button-text\">Submit<\/span>\n\t\t\t\t\t\t\t\t\t\t\t\t\t<\/span>\n\t\t\t\t\t<\/button>\n\t\t\t\t<\/div>\n\t\t\t<\/div>\n\t\t<\/form>\n\t\t\t\t\t\t<\/div>\n\t\t\t\t<\/div>\n\t\t\t\t\t<\/div>\n\t\t<\/div>\n\t\t\t\t\t<\/div>\n\t\t<\/section>\n\t\t\t\t\t<\/div>\n\t\t<\/div>\n\t\t\t\t\t<\/div>\n\t\t<\/section>\n\t\t\t\t\t<\/div>\n\t\t<\/div>\n\t\t\t\t\t<\/div>\n\t\t<\/section>\n\t\t\t\t<\/div>\n\t\t","protected":false},"excerpt":{"rendered":"<p>Sirix cooperative ventures Find a partner Become a partner and strengthen our network with your expertise in security. Unlock opportunities for mutual growth, foster collaboration, and play a vital role in our mission to elevate safety and well-being. Speak to the team Get connected with a certified partner today! Please fill out the form below, [&hellip;]<\/p>\n","protected":false},"author":21,"featured_media":25140,"parent":0,"menu_order":0,"comment_status":"closed","ping_status":"closed","template":"","meta":{"_acf_changed":false,"footnotes":""},"class_list":["post-24987","page","type-page","status-publish","has-post-thumbnail","hentry"],"acf":[],"yoast_head":"<!-- This site is optimized with the Yoast SEO Premium plugin v27.3 (Yoast SEO v27.3) - https:\/\/yoast.com\/product\/yoast-seo-premium-wordpress\/ -->\n<title>Find A Partner - Sirix Monitoring<\/title>\n<meta name=\"description\" content=\"Discover your ideal partner for Sirix Monitoring. Use our platform to easily find a partner and enhance your trading experience. Start now!\" \/>\n<meta name=\"robots\" content=\"index, follow, max-snippet:-1, max-image-preview:large, max-video-preview:-1\" \/>\n<link rel=\"canonical\" href=\"https:\/\/sirixmonitoring.com\/fr\/trouver-un-partenaire\/\" \/>\n<meta property=\"og:locale\" content=\"fr_FR\" \/>\n<meta property=\"og:type\" content=\"article\" \/>\n<meta property=\"og:title\" content=\"Find A Partner\" \/>\n<meta property=\"og:description\" content=\"Discover your ideal partner for Sirix Monitoring. Use our platform to easily find a partner and enhance your trading experience. Start now!\" \/>\n<meta property=\"og:url\" content=\"https:\/\/sirixmonitoring.com\/fr\/trouver-un-partenaire\/\" \/>\n<meta property=\"og:site_name\" content=\"Sirix Monitoring\" \/>\n<meta property=\"article:publisher\" content=\"https:\/\/www.facebook.com\/sirixmonitoring\" \/>\n<meta property=\"article:modified_time\" content=\"2026-01-09T09:32:36+00:00\" \/>\n<meta property=\"og:image\" content=\"https:\/\/sirixmonitoring.com\/wp-content\/uploads\/2023\/12\/Find-A-Partner-scaled.webp\" \/>\n\t<meta property=\"og:image:width\" content=\"2560\" \/>\n\t<meta property=\"og:image:height\" content=\"1707\" \/>\n\t<meta property=\"og:image:type\" content=\"image\/webp\" \/>\n<meta name=\"twitter:card\" content=\"summary_large_image\" \/>\n<meta name=\"twitter:label1\" content=\"Dur\u00e9e de lecture estim\u00e9e\" \/>\n\t<meta name=\"twitter:data1\" content=\"1 minute\" \/>\n<!-- \/ Yoast SEO Premium plugin. -->","yoast_head_json":{"title":"Trouver un partenaire - Sirix Monitoring","description":"D\u00e9couvrez votre partenaire id\u00e9al pour Sirix Monitoring. Utilisez notre plateforme pour trouver facilement un partenaire et am\u00e9liorer votre exp\u00e9rience commerciale. Commencez d\u00e8s maintenant !","robots":{"index":"index","follow":"follow","max-snippet":"max-snippet:-1","max-image-preview":"max-image-preview:large","max-video-preview":"max-video-preview:-1"},"canonical":"https:\/\/sirixmonitoring.com\/fr\/trouver-un-partenaire\/","og_locale":"fr_FR","og_type":"article","og_title":"Find A Partner","og_description":"Discover your ideal partner for Sirix Monitoring. Use our platform to easily find a partner and enhance your trading experience. Start now!","og_url":"https:\/\/sirixmonitoring.com\/fr\/trouver-un-partenaire\/","og_site_name":"Sirix Monitoring","article_publisher":"https:\/\/www.facebook.com\/sirixmonitoring","article_modified_time":"2026-01-09T09:32:36+00:00","og_image":[{"width":2560,"height":1707,"url":"https:\/\/sirixmonitoring.com\/wp-content\/uploads\/2023\/12\/Find-A-Partner-scaled.webp","type":"image\/webp"}],"twitter_card":"summary_large_image","twitter_misc":{"Dur\u00e9e de lecture estim\u00e9e":"1 minute"},"schema":{"@context":"https:\/\/schema.org","@graph":[{"@type":"WebPage","@id":"https:\/\/sirixmonitoring.com\/find-a-partner\/","url":"https:\/\/sirixmonitoring.com\/find-a-partner\/","name":"Trouver un partenaire - Sirix Monitoring","isPartOf":{"@id":"https:\/\/sirixmonitoring.com\/#website"},"primaryImageOfPage":{"@id":"https:\/\/sirixmonitoring.com\/find-a-partner\/#primaryimage"},"image":{"@id":"https:\/\/sirixmonitoring.com\/find-a-partner\/#primaryimage"},"thumbnailUrl":"https:\/\/sirixmonitoring.com\/wp-content\/uploads\/2023\/12\/Find-A-Partner-scaled.webp","datePublished":"2023-12-01T06:25:41+00:00","dateModified":"2026-01-09T09:32:36+00:00","description":"D\u00e9couvrez votre partenaire id\u00e9al pour Sirix Monitoring. Utilisez notre plateforme pour trouver facilement un partenaire et am\u00e9liorer votre exp\u00e9rience commerciale. Commencez d\u00e8s maintenant !","breadcrumb":{"@id":"https:\/\/sirixmonitoring.com\/find-a-partner\/#breadcrumb"},"inLanguage":"fr-FR","potentialAction":[{"@type":"ReadAction","target":["https:\/\/sirixmonitoring.com\/find-a-partner\/"]}]},{"@type":"ImageObject","inLanguage":"fr-FR","@id":"https:\/\/sirixmonitoring.com\/find-a-partner\/#primaryimage","url":"https:\/\/sirixmonitoring.com\/wp-content\/uploads\/2023\/12\/Find-A-Partner-scaled.webp","contentUrl":"https:\/\/sirixmonitoring.com\/wp-content\/uploads\/2023\/12\/Find-A-Partner-scaled.webp","width":2560,"height":1707,"caption":"Find A Partner"},{"@type":"BreadcrumbList","@id":"https:\/\/sirixmonitoring.com\/find-a-partner\/#breadcrumb","itemListElement":[{"@type":"ListItem","position":1,"name":"Home","item":"https:\/\/sirixmonitoring.com\/"},{"@type":"ListItem","position":2,"name":"Find A Partner"}]},{"@type":"WebSite","@id":"https:\/\/sirixmonitoring.com\/#website","url":"https:\/\/sirixmonitoring.com\/","name":"Sirix","description":"Services et solutions de s\u00e9curit\u00e9 pour les entreprises","publisher":{"@id":"https:\/\/sirixmonitoring.com\/#organization"},"alternateName":"Sirix Monitoring","potentialAction":[{"@type":"SearchAction","target":{"@type":"EntryPoint","urlTemplate":"https:\/\/sirixmonitoring.com\/?s={search_term_string}"},"query-input":{"@type":"PropertyValueSpecification","valueRequired":true,"valueName":"search_term_string"}}],"inLanguage":"fr-FR"},{"@type":["Organization","Place"],"@id":"https:\/\/sirixmonitoring.com\/#organization","name":"Sirix","alternateName":"Sirix Monitoring","url":"https:\/\/sirixmonitoring.com\/","logo":{"@id":"https:\/\/sirixmonitoring.com\/find-a-partner\/#local-main-organization-logo"},"image":{"@id":"https:\/\/sirixmonitoring.com\/find-a-partner\/#local-main-organization-logo"},"sameAs":["https:\/\/www.facebook.com\/sirixmonitoring","https:\/\/mastodon.social\/@sirixmonitoringofficial","https:\/\/www.linkedin.com\/company\/sirix\/","https:\/\/www.youtube.com\/@sirix_monitoring\/videos"],"description":"Sirix est un centre d'op\u00e9rations de s\u00e9curit\u00e9 de pointe qui fournit aux revendeurs de s\u00e9curit\u00e9 des services d'experts et des solutions de pointe en mati\u00e8re de surveillance \u00e0 distance en direct pour g\u00e9rer et prot\u00e9ger les organisations de leurs clients dans toute l'Am\u00e9rique du Nord. La vid\u00e9osurveillance, la conciergerie \u00e0 distance, le contr\u00f4le des portes \u00e0 distance, la v\u00e9rification vid\u00e9o des alarmes, la visite virtuelle des gardiens, la conversation vocale et la surveillance de l'infrastructure font partie des services que nous offrons.","legalName":"Sirix Monitoring","numberOfEmployees":{"@type":"QuantitativeValue","minValue":"501","maxValue":"1000"},"telephone":[],"openingHoursSpecification":{"@type":"OpeningHoursSpecification","dayOfWeek":["Monday","Tuesday","Wednesday","Thursday","Friday","Saturday","Sunday"],"opens":"00:00","closes":"23:59"}},{"@type":"ImageObject","inLanguage":"fr-FR","@id":"https:\/\/sirixmonitoring.com\/find-a-partner\/#local-main-organization-logo","url":"https:\/\/sirixmonitoring.com\/wp-content\/uploads\/2023\/05\/sirix-logo-1.png","contentUrl":"https:\/\/sirixmonitoring.com\/wp-content\/uploads\/2023\/05\/sirix-logo-1.png","width":711,"height":277,"caption":"Sirix"}]}},"_links":{"self":[{"href":"https:\/\/sirixmonitoring.com\/fr\/wp-json\/wp\/v2\/pages\/24987","targetHints":{"allow":["GET"]}}],"collection":[{"href":"https:\/\/sirixmonitoring.com\/fr\/wp-json\/wp\/v2\/pages"}],"about":[{"href":"https:\/\/sirixmonitoring.com\/fr\/wp-json\/wp\/v2\/types\/page"}],"author":[{"embeddable":true,"href":"https:\/\/sirixmonitoring.com\/fr\/wp-json\/wp\/v2\/users\/21"}],"replies":[{"embeddable":true,"href":"https:\/\/sirixmonitoring.com\/fr\/wp-json\/wp\/v2\/comments?post=24987"}],"version-history":[{"count":3,"href":"https:\/\/sirixmonitoring.com\/fr\/wp-json\/wp\/v2\/pages\/24987\/revisions"}],"predecessor-version":[{"id":91093,"href":"https:\/\/sirixmonitoring.com\/fr\/wp-json\/wp\/v2\/pages\/24987\/revisions\/91093"}],"wp:featuredmedia":[{"embeddable":true,"href":"https:\/\/sirixmonitoring.com\/fr\/wp-json\/wp\/v2\/media\/25140"}],"wp:attachment":[{"href":"https:\/\/sirixmonitoring.com\/fr\/wp-json\/wp\/v2\/media?parent=24987"}],"curies":[{"name":"wp","href":"https:\/\/api.w.org\/{rel}","templated":true}]}}