{"id":62399,"date":"2024-10-31T02:15:47","date_gmt":"2024-10-31T07:15:47","guid":{"rendered":"https:\/\/sirixmonitoring.com\/?page_id=62399"},"modified":"2026-01-08T05:20:25","modified_gmt":"2026-01-08T10:20:25","slug":"eula","status":"publish","type":"page","link":"https:\/\/sirixmonitoring.com\/fr\/eula\/","title":{"rendered":"CLUF"},"content":{"rendered":"<div data-elementor-type=\"wp-page\" data-elementor-id=\"62399\" class=\"elementor elementor-62399\" data-elementor-post-type=\"page\">\n\t\t\t\t\t\t<section class=\"elementor-section elementor-top-section elementor-element elementor-element-1642585f elementor-section-boxed elementor-section-height-default elementor-section-height-default\" data-id=\"1642585f\" data-element_type=\"section\" data-e-type=\"section\">\n\t\t\t\t\t\t<div class=\"elementor-container elementor-column-gap-default\">\n\t\t\t\t\t<div class=\"elementor-column elementor-col-100 elementor-top-column elementor-element elementor-element-4f6f9af8\" data-id=\"4f6f9af8\" data-element_type=\"column\" data-e-type=\"column\">\n\t\t\t<div class=\"elementor-widget-wrap elementor-element-populated\">\n\t\t\t\t\t\t<div class=\"elementor-element elementor-element-576c21c5 elementor-widget elementor-widget-heading\" data-id=\"576c21c5\" data-element_type=\"widget\" data-e-type=\"widget\" data-widget_type=\"heading.default\">\n\t\t\t\t<div class=\"elementor-widget-container\">\n\t\t\t\t\t<h1 class=\"elementor-heading-title elementor-size-default\">Contrat de licence utilisateur final (CLUF) de Sirix<\/h1>\t\t\t\t<\/div>\n\t\t\t\t<\/div>\n\t\t\t\t<div class=\"elementor-element elementor-element-38638050 elementor-widget__width-initial elementor-widget elementor-widget-text-editor\" data-id=\"38638050\" data-element_type=\"widget\" data-e-type=\"widget\" data-widget_type=\"text-editor.default\">\n\t\t\t\t<div class=\"elementor-widget-container\">\n\t\t\t\t\t\t\t\t\t<p>Bienvenue ! Ce CLUF explique les conditions qui s'appliquent lorsque vous utilisez les services de surveillance vid\u00e9o en direct et de s\u00e9curit\u00e9 de Sirix par l'interm\u00e9diaire de votre int\u00e9grateur de s\u00e9curit\u00e9.<\/p>\t\t\t\t\t\t\t\t<\/div>\n\t\t\t\t<\/div>\n\t\t\t\t\t<\/div>\n\t\t<\/div>\n\t\t\t\t\t<\/div>\n\t\t<\/section>\n\t\t\t\t<section class=\"elementor-section elementor-top-section elementor-element elementor-element-371e41fc elementor-section-boxed elementor-section-height-default elementor-section-height-default\" data-id=\"371e41fc\" data-element_type=\"section\" data-e-type=\"section\">\n\t\t\t\t\t\t<div class=\"elementor-container elementor-column-gap-default\">\n\t\t\t\t\t<div class=\"elementor-column elementor-col-100 elementor-top-column elementor-element elementor-element-1dc6fc8f\" data-id=\"1dc6fc8f\" data-element_type=\"column\" data-e-type=\"column\">\n\t\t\t<div class=\"elementor-widget-wrap elementor-element-populated\">\n\t\t\t\t\t\t<div class=\"elementor-element elementor-element-415f1504 elementor-widget elementor-widget-heading\" data-id=\"415f1504\" data-element_type=\"widget\" data-e-type=\"widget\" data-widget_type=\"heading.default\">\n\t\t\t\t<div class=\"elementor-widget-container\">\n\t\t\t\t\t<h2 class=\"elementor-heading-title elementor-size-default\">1. Utilisation des services Sirix<\/h2>\t\t\t\t<\/div>\n\t\t\t\t<\/div>\n\t\t\t\t<div class=\"elementor-element elementor-element-3107ea6d elementor-widget__width-initial elementor-widget elementor-widget-text-editor\" data-id=\"3107ea6d\" data-element_type=\"widget\" data-e-type=\"widget\" data-widget_type=\"text-editor.default\">\n\t\t\t\t<div class=\"elementor-widget-container\">\n\t\t\t\t\t\t\t\t\tEn acc\u00e9dant aux services de Sirix, vous acceptez de les utiliser de mani\u00e8re responsable et conform\u00e9ment au pr\u00e9sent CLUF. Votre int\u00e9grateur vous met en relation avec Sirix pour des solutions de surveillance et de s\u00e9curit\u00e9 fiables et de haute qualit\u00e9, adapt\u00e9es \u00e0 vos besoins.\t\t\t\t\t\t\t\t<\/div>\n\t\t\t\t<\/div>\n\t\t\t\t\t<\/div>\n\t\t<\/div>\n\t\t\t\t\t<\/div>\n\t\t<\/section>\n\t\t\t\t<section class=\"elementor-section elementor-top-section elementor-element elementor-element-2f1cb8aa elementor-section-boxed elementor-section-height-default elementor-section-height-default\" data-id=\"2f1cb8aa\" data-element_type=\"section\" data-e-type=\"section\">\n\t\t\t\t\t\t<div class=\"elementor-container elementor-column-gap-default\">\n\t\t\t\t\t<div class=\"elementor-column elementor-col-100 elementor-top-column elementor-element elementor-element-2bce8773\" data-id=\"2bce8773\" data-element_type=\"column\" data-e-type=\"column\">\n\t\t\t<div class=\"elementor-widget-wrap elementor-element-populated\">\n\t\t\t\t\t\t<div class=\"elementor-element elementor-element-7966db41 elementor-widget elementor-widget-heading\" data-id=\"7966db41\" data-element_type=\"widget\" data-e-type=\"widget\" data-widget_type=\"heading.default\">\n\t\t\t\t<div class=\"elementor-widget-container\">\n\t\t\t\t\t<h2 class=\"elementor-heading-title elementor-size-default\">2. Utilisation autoris\u00e9e<\/h2>\t\t\t\t<\/div>\n\t\t\t\t<\/div>\n\t\t\t\t<div class=\"elementor-element elementor-element-d44f2dc elementor-widget__width-initial elementor-widget elementor-widget-text-editor\" data-id=\"d44f2dc\" data-element_type=\"widget\" data-e-type=\"widget\" data-widget_type=\"text-editor.default\">\n\t\t\t\t<div class=\"elementor-widget-container\">\n\t\t\t\t\t\t\t\t\tNous vous accordons, par l'interm\u00e9diaire de votre int\u00e9grateur, le droit d'utiliser les services de surveillance Sirix pour prot\u00e9ger ce qui compte le plus pour vous. Ce droit est r\u00e9serv\u00e9 \u00e0 votre usage personnel ou professionnel, et ne doit pas \u00eatre partag\u00e9, copi\u00e9 ou modifi\u00e9.\t\t\t\t\t\t\t\t<\/div>\n\t\t\t\t<\/div>\n\t\t\t\t\t<\/div>\n\t\t<\/div>\n\t\t\t\t\t<\/div>\n\t\t<\/section>\n\t\t\t\t<section class=\"elementor-section elementor-top-section elementor-element elementor-element-43fb5958 elementor-section-boxed elementor-section-height-default elementor-section-height-default\" data-id=\"43fb5958\" data-element_type=\"section\" data-e-type=\"section\">\n\t\t\t\t\t\t<div class=\"elementor-container elementor-column-gap-default\">\n\t\t\t\t\t<div class=\"elementor-column elementor-col-100 elementor-top-column elementor-element elementor-element-46ee7c88\" data-id=\"46ee7c88\" data-element_type=\"column\" data-e-type=\"column\">\n\t\t\t<div class=\"elementor-widget-wrap elementor-element-populated\">\n\t\t\t\t\t\t<div class=\"elementor-element elementor-element-6062a8e7 elementor-widget elementor-widget-heading\" data-id=\"6062a8e7\" data-element_type=\"widget\" data-e-type=\"widget\" data-widget_type=\"heading.default\">\n\t\t\t\t<div class=\"elementor-widget-container\">\n\t\t\t\t\t<h2 class=\"elementor-heading-title elementor-size-default\">3. Protection de la vie priv\u00e9e<\/h2>\t\t\t\t<\/div>\n\t\t\t\t<\/div>\n\t\t\t\t<div class=\"elementor-element elementor-element-7d91144b elementor-widget__width-initial elementor-widget elementor-widget-text-editor\" data-id=\"7d91144b\" data-element_type=\"widget\" data-e-type=\"widget\" data-widget_type=\"text-editor.default\">\n\t\t\t\t<div class=\"elementor-widget-container\">\n\t\t\t\t\t\t\t\t\tL'utilisation de nos services peut impliquer le partage de donn\u00e9es comme d\u00e9crit dans notre politique de confidentialit\u00e9. Sirix et votre int\u00e9grateur travaillent ensemble pour prot\u00e9ger ces informations. Votre vie priv\u00e9e est notre priorit\u00e9.\t\t\t\t\t\t\t\t<\/div>\n\t\t\t\t<\/div>\n\t\t\t\t\t<\/div>\n\t\t<\/div>\n\t\t\t\t\t<\/div>\n\t\t<\/section>\n\t\t\t\t<section class=\"elementor-section elementor-top-section elementor-element elementor-element-67da8d69 elementor-section-boxed elementor-section-height-default elementor-section-height-default\" data-id=\"67da8d69\" data-element_type=\"section\" data-e-type=\"section\">\n\t\t\t\t\t\t<div class=\"elementor-container elementor-column-gap-default\">\n\t\t\t\t\t<div class=\"elementor-column elementor-col-100 elementor-top-column elementor-element elementor-element-13e93904\" data-id=\"13e93904\" data-element_type=\"column\" data-e-type=\"column\">\n\t\t\t<div class=\"elementor-widget-wrap elementor-element-populated\">\n\t\t\t\t\t\t<div class=\"elementor-element elementor-element-5fcf2c22 elementor-widget elementor-widget-heading\" data-id=\"5fcf2c22\" data-element_type=\"widget\" data-e-type=\"widget\" data-widget_type=\"heading.default\">\n\t\t\t\t<div class=\"elementor-widget-container\">\n\t\t\t\t\t<h2 class=\"elementor-heading-title elementor-size-default\">4. Limites du service<\/h2>\t\t\t\t<\/div>\n\t\t\t\t<\/div>\n\t\t\t\t<div class=\"elementor-element elementor-element-5172a859 elementor-widget__width-initial elementor-widget elementor-widget-text-editor\" data-id=\"5172a859\" data-element_type=\"widget\" data-e-type=\"widget\" data-widget_type=\"text-editor.default\">\n\t\t\t\t<div class=\"elementor-widget-container\">\n\t\t\t\t\t\t\t\t\tSirix s'efforce d'offrir un service continu, mais il arrive que des interruptions se produisent. Sirix n'est pas responsable des dommages indirects ou des pertes r\u00e9sultant de l'interruption du service ou de probl\u00e8mes techniques.\t\t\t\t\t\t\t\t<\/div>\n\t\t\t\t<\/div>\n\t\t\t\t\t<\/div>\n\t\t<\/div>\n\t\t\t\t\t<\/div>\n\t\t<\/section>\n\t\t\t\t<section class=\"elementor-section elementor-top-section elementor-element elementor-element-562bf724 elementor-section-boxed elementor-section-height-default elementor-section-height-default\" data-id=\"562bf724\" data-element_type=\"section\" data-e-type=\"section\">\n\t\t\t\t\t\t<div class=\"elementor-container elementor-column-gap-default\">\n\t\t\t\t\t<div class=\"elementor-column elementor-col-100 elementor-top-column elementor-element elementor-element-2f92c13\" data-id=\"2f92c13\" data-element_type=\"column\" data-e-type=\"column\">\n\t\t\t<div class=\"elementor-widget-wrap elementor-element-populated\">\n\t\t\t\t\t\t<div class=\"elementor-element elementor-element-d3e1756 elementor-widget elementor-widget-heading\" data-id=\"d3e1756\" data-element_type=\"widget\" data-e-type=\"widget\" data-widget_type=\"heading.default\">\n\t\t\t\t<div class=\"elementor-widget-container\">\n\t\t\t\t\t<h2 class=\"elementor-heading-title elementor-size-default\">5. Mettre fin \u00e0 l'utilisation des services Sirix<\/h2>\t\t\t\t<\/div>\n\t\t\t\t<\/div>\n\t\t\t\t<div class=\"elementor-element elementor-element-242c248a elementor-widget__width-initial elementor-widget elementor-widget-text-editor\" data-id=\"242c248a\" data-element_type=\"widget\" data-e-type=\"widget\" data-widget_type=\"text-editor.default\">\n\t\t\t\t<div class=\"elementor-widget-container\">\n\t\t\t\t\t\t\t\t\tVotre acc\u00e8s aux services Sirix est actif tant que votre int\u00e9grateur continue \u00e0 les fournir. Si vous ou votre int\u00e9grateur d\u00e9cidez d'interrompre le service, veuillez cesser imm\u00e9diatement d'utiliser Sirix.\t\t\t\t\t\t\t\t<\/div>\n\t\t\t\t<\/div>\n\t\t\t\t\t<\/div>\n\t\t<\/div>\n\t\t\t\t\t<\/div>\n\t\t<\/section>\n\t\t\t\t<section class=\"elementor-section elementor-top-section elementor-element elementor-element-20a5da91 elementor-section-boxed elementor-section-height-default elementor-section-height-default\" data-id=\"20a5da91\" data-element_type=\"section\" data-e-type=\"section\">\n\t\t\t\t\t\t<div class=\"elementor-container elementor-column-gap-default\">\n\t\t\t\t\t<div class=\"elementor-column elementor-col-100 elementor-top-column elementor-element elementor-element-681d5adf\" data-id=\"681d5adf\" data-element_type=\"column\" data-e-type=\"column\">\n\t\t\t<div class=\"elementor-widget-wrap elementor-element-populated\">\n\t\t\t\t\t\t<div class=\"elementor-element elementor-element-16160135 elementor-widget elementor-widget-heading\" data-id=\"16160135\" data-element_type=\"widget\" data-e-type=\"widget\" data-widget_type=\"heading.default\">\n\t\t\t\t<div class=\"elementor-widget-container\">\n\t\t\t\t\t<h2 class=\"elementor-heading-title elementor-size-default\">6. Respecter la propri\u00e9t\u00e9 de Sirix<\/h2>\t\t\t\t<\/div>\n\t\t\t\t<\/div>\n\t\t\t\t<div class=\"elementor-element elementor-element-68b9ad89 elementor-widget__width-initial elementor-widget elementor-widget-text-editor\" data-id=\"68b9ad89\" data-element_type=\"widget\" data-e-type=\"widget\" data-widget_type=\"text-editor.default\">\n\t\t\t\t<div class=\"elementor-widget-container\">\n\t\t\t\t\t\t\t\t\tSirix reste propri\u00e9taire de toutes les technologies et de tous les services qu'il fournit. L'utilisation de nos services ne conf\u00e8re pas de droit de propri\u00e9t\u00e9, mais seulement le droit d'utiliser Sirix par l'entremise de votre int\u00e9grateur.\t\t\t\t\t\t\t\t<\/div>\n\t\t\t\t<\/div>\n\t\t\t\t\t<\/div>\n\t\t<\/div>\n\t\t\t\t\t<\/div>\n\t\t<\/section>\n\t\t\t\t<section class=\"elementor-section elementor-top-section elementor-element elementor-element-81496aa elementor-section-boxed elementor-section-height-default elementor-section-height-default\" data-id=\"81496aa\" data-element_type=\"section\" data-e-type=\"section\">\n\t\t\t\t\t\t<div class=\"elementor-container elementor-column-gap-default\">\n\t\t\t\t\t<div class=\"elementor-column elementor-col-100 elementor-top-column elementor-element elementor-element-19f6418d\" data-id=\"19f6418d\" data-element_type=\"column\" data-e-type=\"column\">\n\t\t\t<div class=\"elementor-widget-wrap elementor-element-populated\">\n\t\t\t\t\t\t<div class=\"elementor-element elementor-element-79d1af0b elementor-widget elementor-widget-heading\" data-id=\"79d1af0b\" data-element_type=\"widget\" data-e-type=\"widget\" data-widget_type=\"heading.default\">\n\t\t\t\t<div class=\"elementor-widget-container\">\n\t\t\t\t\t<h2 class=\"elementor-heading-title elementor-size-default\">7. Droit applicable<\/h2>\t\t\t\t<\/div>\n\t\t\t\t<\/div>\n\t\t\t\t<div class=\"elementor-element elementor-element-fd600ad elementor-widget__width-initial elementor-widget elementor-widget-text-editor\" data-id=\"fd600ad\" data-element_type=\"widget\" data-e-type=\"widget\" data-widget_type=\"text-editor.default\">\n\t\t\t\t<div class=\"elementor-widget-container\">\n\t\t\t\t\t\t\t\t\tLe pr\u00e9sent CLUF est r\u00e9gi par les lois du Qu\u00e9bec (Canada), ce qui garantit une utilisation \u00e9quitable pour toutes les parties concern\u00e9es.\t\t\t\t\t\t\t\t<\/div>\n\t\t\t\t<\/div>\n\t\t\t\t\t<\/div>\n\t\t<\/div>\n\t\t\t\t\t<\/div>\n\t\t<\/section>\n\t\t\t\t<section class=\"elementor-section elementor-top-section elementor-element elementor-element-3b56316f elementor-section-boxed elementor-section-height-default elementor-section-height-default\" data-id=\"3b56316f\" data-element_type=\"section\" data-e-type=\"section\">\n\t\t\t\t\t\t<div class=\"elementor-container elementor-column-gap-default\">\n\t\t\t\t\t<div class=\"elementor-column elementor-col-100 elementor-top-column elementor-element elementor-element-1fedddbc\" data-id=\"1fedddbc\" data-element_type=\"column\" data-e-type=\"column\">\n\t\t\t<div class=\"elementor-widget-wrap elementor-element-populated\">\n\t\t\t\t\t\t<div class=\"elementor-element elementor-element-2aa9ad2c elementor-widget-divider--view-line elementor-widget elementor-widget-divider\" data-id=\"2aa9ad2c\" data-element_type=\"widget\" data-e-type=\"widget\" data-widget_type=\"divider.default\">\n\t\t\t\t<div class=\"elementor-widget-container\">\n\t\t\t\t\t\t\t<div class=\"elementor-divider\">\n\t\t\t<span class=\"elementor-divider-separator\">\n\t\t\t\t\t\t<\/span>\n\t\t<\/div>\n\t\t\t\t\t\t<\/div>\n\t\t\t\t<\/div>\n\t\t\t\t<div class=\"elementor-element elementor-element-593858d5 elementor-widget elementor-widget-text-editor\" data-id=\"593858d5\" data-element_type=\"widget\" data-e-type=\"widget\" data-widget_type=\"text-editor.default\">\n\t\t\t\t<div class=\"elementor-widget-container\">\n\t\t\t\t\t\t\t\t\tMerci d'avoir choisi Sirix. Nous sommes fiers de nous associer \u00e0 vous pour renforcer la s\u00e9curit\u00e9 par l'interm\u00e9diaire de votre int\u00e9grateur de confiance.\t\t\t\t\t\t\t\t<\/div>\n\t\t\t\t<\/div>\n\t\t\t\t\t<\/div>\n\t\t<\/div>\n\t\t\t\t\t<\/div>\n\t\t<\/section>\n\t\t\t\t<\/div>","protected":false},"excerpt":{"rendered":"<p>Sirix End-User License Agreement (EULA) Welcome! This EULA explains the terms that apply when you use Sirix\u2019s live video monitoring and security services through your security dealer. 1. Using Sirix services By accessing Sirix\u2019s services, you agree to use them responsibly and in line with this EULA. Your dealer connects you to Sirix for reliable, [&hellip;]<\/p>\n","protected":false},"author":21,"featured_media":0,"parent":0,"menu_order":0,"comment_status":"closed","ping_status":"closed","template":"elementor_header_footer","meta":{"_acf_changed":false,"footnotes":""},"class_list":["post-62399","page","type-page","status-publish","hentry"],"acf":[],"yoast_head":"<!-- This site is optimized with the Yoast SEO Premium plugin v27.4 (Yoast SEO v27.4) - https:\/\/yoast.com\/product\/yoast-seo-premium-wordpress\/ -->\n<title>End-User License Agreement (EULA) - Sirix Monitoring<\/title>\n<meta name=\"description\" content=\"Review the Sirix End-User License Agreement (EULA) to understand the terms and conditions for using Sirix Monitoring solutions.\" \/>\n<meta name=\"robots\" content=\"index, follow, max-snippet:-1, max-image-preview:large, max-video-preview:-1\" \/>\n<link rel=\"canonical\" href=\"https:\/\/sirixmonitoring.com\/fr\/eula\/\" \/>\n<meta property=\"og:locale\" content=\"fr_FR\" \/>\n<meta property=\"og:type\" content=\"article\" \/>\n<meta property=\"og:title\" content=\"EULA\" \/>\n<meta property=\"og:description\" content=\"Review the Sirix End-User License Agreement (EULA) to understand the terms and conditions for using Sirix Monitoring solutions.\" \/>\n<meta property=\"og:url\" content=\"https:\/\/sirixmonitoring.com\/fr\/eula\/\" \/>\n<meta property=\"og:site_name\" content=\"Sirix Monitoring\" \/>\n<meta property=\"article:publisher\" content=\"https:\/\/www.facebook.com\/sirixmonitoring\" \/>\n<meta property=\"article:modified_time\" content=\"2026-01-08T10:20:25+00:00\" \/>\n<meta property=\"og:image\" content=\"https:\/\/sirixmonitoring.com\/wp-content\/uploads\/2023\/05\/sirix-logo-1.png\" \/>\n\t<meta property=\"og:image:width\" content=\"711\" \/>\n\t<meta property=\"og:image:height\" content=\"277\" \/>\n\t<meta property=\"og:image:type\" content=\"image\/png\" \/>\n<meta name=\"twitter:card\" content=\"summary_large_image\" \/>\n<meta name=\"twitter:label1\" content=\"Dur\u00e9e de lecture estim\u00e9e\" \/>\n\t<meta name=\"twitter:data1\" content=\"2 minutes\" \/>\n<!-- \/ Yoast SEO Premium plugin. -->","yoast_head_json":{"title":"Contrat de licence utilisateur final (CLUF) - Sirix Monitoring","description":"Lisez le contrat de licence utilisateur final Sirix (EULA) pour comprendre les termes et conditions d'utilisation des solutions de surveillance Sirix.","robots":{"index":"index","follow":"follow","max-snippet":"max-snippet:-1","max-image-preview":"max-image-preview:large","max-video-preview":"max-video-preview:-1"},"canonical":"https:\/\/sirixmonitoring.com\/fr\/eula\/","og_locale":"fr_FR","og_type":"article","og_title":"EULA","og_description":"Review the Sirix End-User License Agreement (EULA) to understand the terms and conditions for using Sirix Monitoring solutions.","og_url":"https:\/\/sirixmonitoring.com\/fr\/eula\/","og_site_name":"Sirix Monitoring","article_publisher":"https:\/\/www.facebook.com\/sirixmonitoring","article_modified_time":"2026-01-08T10:20:25+00:00","og_image":[{"width":711,"height":277,"url":"https:\/\/sirixmonitoring.com\/wp-content\/uploads\/2023\/05\/sirix-logo-1.png","type":"image\/png"}],"twitter_card":"summary_large_image","twitter_misc":{"Dur\u00e9e de lecture estim\u00e9e":"2 minutes"},"schema":{"@context":"https:\/\/schema.org","@graph":[{"@type":"WebPage","@id":"https:\/\/sirixmonitoring.com\/eula\/","url":"https:\/\/sirixmonitoring.com\/eula\/","name":"Contrat de licence utilisateur final (CLUF) - Sirix Monitoring","isPartOf":{"@id":"https:\/\/sirixmonitoring.com\/#website"},"datePublished":"2024-10-31T07:15:47+00:00","dateModified":"2026-01-08T10:20:25+00:00","description":"Lisez le contrat de licence utilisateur final Sirix (EULA) pour comprendre les termes et conditions d'utilisation des solutions de surveillance Sirix.","breadcrumb":{"@id":"https:\/\/sirixmonitoring.com\/eula\/#breadcrumb"},"inLanguage":"fr-FR","potentialAction":[{"@type":"ReadAction","target":["https:\/\/sirixmonitoring.com\/eula\/"]}]},{"@type":"BreadcrumbList","@id":"https:\/\/sirixmonitoring.com\/eula\/#breadcrumb","itemListElement":[{"@type":"ListItem","position":1,"name":"Home","item":"https:\/\/sirixmonitoring.com\/"},{"@type":"ListItem","position":2,"name":"EULA"}]},{"@type":"WebSite","@id":"https:\/\/sirixmonitoring.com\/#website","url":"https:\/\/sirixmonitoring.com\/","name":"Sirix","description":"Services et solutions de s\u00e9curit\u00e9 pour les entreprises","publisher":{"@id":"https:\/\/sirixmonitoring.com\/#organization"},"alternateName":"Sirix Monitoring","potentialAction":[{"@type":"SearchAction","target":{"@type":"EntryPoint","urlTemplate":"https:\/\/sirixmonitoring.com\/?s={search_term_string}"},"query-input":{"@type":"PropertyValueSpecification","valueRequired":true,"valueName":"search_term_string"}}],"inLanguage":"fr-FR"},{"@type":["Organization","Place"],"@id":"https:\/\/sirixmonitoring.com\/#organization","name":"Sirix","alternateName":"Sirix Monitoring","url":"https:\/\/sirixmonitoring.com\/","logo":{"@id":"https:\/\/sirixmonitoring.com\/eula\/#local-main-organization-logo"},"image":{"@id":"https:\/\/sirixmonitoring.com\/eula\/#local-main-organization-logo"},"sameAs":["https:\/\/www.facebook.com\/sirixmonitoring","https:\/\/mastodon.social\/@sirixmonitoringofficial","https:\/\/www.linkedin.com\/company\/sirix\/","https:\/\/www.youtube.com\/@sirix_monitoring\/videos"],"description":"Sirix est un centre d'op\u00e9rations de s\u00e9curit\u00e9 de pointe qui fournit aux revendeurs de s\u00e9curit\u00e9 des services d'experts et des solutions de pointe en mati\u00e8re de surveillance \u00e0 distance en direct pour g\u00e9rer et prot\u00e9ger les organisations de leurs clients dans toute l'Am\u00e9rique du Nord. La vid\u00e9osurveillance, la conciergerie \u00e0 distance, le contr\u00f4le des portes \u00e0 distance, la v\u00e9rification vid\u00e9o des alarmes, la visite virtuelle des gardiens, la conversation vocale et la surveillance de l'infrastructure font partie des services que nous offrons.","legalName":"Sirix Monitoring","numberOfEmployees":{"@type":"QuantitativeValue","minValue":"501","maxValue":"1000"},"telephone":[],"openingHoursSpecification":{"@type":"OpeningHoursSpecification","dayOfWeek":["Monday","Tuesday","Wednesday","Thursday","Friday","Saturday","Sunday"],"opens":"00:00","closes":"23:59"}},{"@type":"ImageObject","inLanguage":"fr-FR","@id":"https:\/\/sirixmonitoring.com\/eula\/#local-main-organization-logo","url":"https:\/\/sirixmonitoring.com\/wp-content\/uploads\/2023\/05\/sirix-logo-1.png","contentUrl":"https:\/\/sirixmonitoring.com\/wp-content\/uploads\/2023\/05\/sirix-logo-1.png","width":711,"height":277,"caption":"Sirix"}]}},"_links":{"self":[{"href":"https:\/\/sirixmonitoring.com\/fr\/wp-json\/wp\/v2\/pages\/62399","targetHints":{"allow":["GET"]}}],"collection":[{"href":"https:\/\/sirixmonitoring.com\/fr\/wp-json\/wp\/v2\/pages"}],"about":[{"href":"https:\/\/sirixmonitoring.com\/fr\/wp-json\/wp\/v2\/types\/page"}],"author":[{"embeddable":true,"href":"https:\/\/sirixmonitoring.com\/fr\/wp-json\/wp\/v2\/users\/21"}],"replies":[{"embeddable":true,"href":"https:\/\/sirixmonitoring.com\/fr\/wp-json\/wp\/v2\/comments?post=62399"}],"version-history":[{"count":3,"href":"https:\/\/sirixmonitoring.com\/fr\/wp-json\/wp\/v2\/pages\/62399\/revisions"}],"predecessor-version":[{"id":90877,"href":"https:\/\/sirixmonitoring.com\/fr\/wp-json\/wp\/v2\/pages\/62399\/revisions\/90877"}],"wp:attachment":[{"href":"https:\/\/sirixmonitoring.com\/fr\/wp-json\/wp\/v2\/media?parent=62399"}],"curies":[{"name":"wp","href":"https:\/\/api.w.org\/{rel}","templated":true}]}}