{"id":66281,"date":"2025-02-06T02:34:53","date_gmt":"2025-02-06T07:34:53","guid":{"rendered":"https:\/\/sirixmonitoring.com\/?page_id=66281"},"modified":"2025-06-30T09:18:10","modified_gmt":"2025-06-30T14:18:10","slug":"contact-thanks","status":"publish","type":"page","link":"https:\/\/sirixmonitoring.com\/fr\/contact-thanks\/","title":{"rendered":"Contact Remerciements"},"content":{"rendered":"<div data-elementor-type=\"wp-page\" data-elementor-id=\"66281\" class=\"elementor elementor-66281\" data-elementor-post-type=\"page\">\n\t\t\t\t\t\t<section class=\"elementor-section elementor-top-section elementor-element elementor-element-10049187 elementor-section-boxed elementor-section-height-default elementor-section-height-default\" data-id=\"10049187\" data-element_type=\"section\" data-e-type=\"section\" data-settings=\"{&quot;background_background&quot;:&quot;classic&quot;}\">\n\t\t\t\t\t\t<div class=\"elementor-container elementor-column-gap-default\">\n\t\t\t\t\t<div class=\"elementor-column elementor-col-100 elementor-top-column elementor-element elementor-element-356e8fb9\" data-id=\"356e8fb9\" data-element_type=\"column\" data-e-type=\"column\" data-settings=\"{&quot;background_background&quot;:&quot;classic&quot;}\">\n\t\t\t<div class=\"elementor-widget-wrap elementor-element-populated\">\n\t\t\t\t\t\t<div class=\"elementor-element elementor-element-2d15d18a elementor-widget elementor-widget-heading\" data-id=\"2d15d18a\" data-element_type=\"widget\" data-e-type=\"widget\" data-widget_type=\"heading.default\">\n\t\t\t\t<div class=\"elementor-widget-container\">\n\t\t\t\t\t<h1 class=\"elementor-heading-title elementor-size-default\">Contactez un expert<\/h1>\t\t\t\t<\/div>\n\t\t\t\t<\/div>\n\t\t\t\t<div class=\"elementor-element elementor-element-48ec9edf elementor-widget elementor-widget-heading\" data-id=\"48ec9edf\" data-element_type=\"widget\" data-e-type=\"widget\" data-widget_type=\"heading.default\">\n\t\t\t\t<div class=\"elementor-widget-container\">\n\t\t\t\t\t<p class=\"elementor-heading-title elementor-size-default\">Merci de l'int\u00e9r\u00eat que vous portez \u00e0 Sirix ! Un membre de notre \u00e9quipe vous contactera bient\u00f4t.<\/p>\t\t\t\t<\/div>\n\t\t\t\t<\/div>\n\t\t\t\t<div class=\"elementor-element elementor-element-23d4b5a5 elementor-align-center elementor-widget__width-initial elementor-widget elementor-widget-button\" data-id=\"23d4b5a5\" data-element_type=\"widget\" data-e-type=\"widget\" id=\"go-back\" data-widget_type=\"button.default\">\n\t\t\t\t<div class=\"elementor-widget-container\">\n\t\t\t\t\t\t\t\t\t<div class=\"elementor-button-wrapper\">\n\t\t\t\t\t<a class=\"elementor-button elementor-size-sm\" role=\"button\">\n\t\t\t\t\t\t<span class=\"elementor-button-content-wrapper\">\n\t\t\t\t\t\t<span class=\"elementor-button-icon\">\n\t\t\t\t<i aria-hidden=\"true\" class=\"icon icon-left-arrows\"><\/i>\t\t\t<\/span>\n\t\t\t\t\t\t\t\t\t<span class=\"elementor-button-text\"><span style=\"cursor:pointer\">Retourner \u00e0 la page.<\/span><\/span>\n\t\t\t\t\t<\/span>\n\t\t\t\t\t<\/a>\n\t\t\t\t<\/div>\n\t\t\t\t\t\t\t\t<\/div>\n\t\t\t\t<\/div>\n\t\t\t\t<div class=\"elementor-element elementor-element-305e94a2 elementor-widget elementor-widget-html\" data-id=\"305e94a2\" data-element_type=\"widget\" data-e-type=\"widget\" data-widget_type=\"html.default\">\n\t\t\t\t<div class=\"elementor-widget-container\">\n\t\t\t\t\t<script type=\"text\/javascript\">\r\njQuery(document).ready(function() {\r\n jQuery('#go-back').on('click', function() {\r\n window.history.go(-1);\r\n return false;\r\n });\r\n});\r\n<\/script>\t\t\t\t<\/div>\n\t\t\t\t<\/div>\n\t\t\t\t<div class=\"elementor-element elementor-element-5ce2e9fc elementor-widget-divider--view-line elementor-widget elementor-widget-divider\" data-id=\"5ce2e9fc\" data-element_type=\"widget\" data-e-type=\"widget\" data-widget_type=\"divider.default\">\n\t\t\t\t<div class=\"elementor-widget-container\">\n\t\t\t\t\t\t\t<div class=\"elementor-divider\">\n\t\t\t<span class=\"elementor-divider-separator\">\n\t\t\t\t\t\t<\/span>\n\t\t<\/div>\n\t\t\t\t\t\t<\/div>\n\t\t\t\t<\/div>\n\t\t\t\t<div class=\"elementor-element elementor-element-75f71abd elementor-widget elementor-widget-heading\" data-id=\"75f71abd\" data-element_type=\"widget\" data-e-type=\"widget\" data-widget_type=\"heading.default\">\n\t\t\t\t<div class=\"elementor-widget-container\">\n\t\t\t\t\t<p class=\"elementor-heading-title elementor-size-default\">Vous souhaitez en savoir plus sur le secteur de la s\u00e9curit\u00e9 ?<\/p>\t\t\t\t<\/div>\n\t\t\t\t<\/div>\n\t\t\t\t<div class=\"elementor-element elementor-element-4a0af5e8 elementor-widget elementor-widget-text-editor\" data-id=\"4a0af5e8\" data-element_type=\"widget\" data-e-type=\"widget\" data-widget_type=\"text-editor.default\">\n\t\t\t\t<div class=\"elementor-widget-container\">\n\t\t\t\t\t\t\t\t\t<p style=\"text-align: center;\"><a href=\"https:\/\/sirixmonitoring.com\/fr\/blog\/\">Lisez notre section blog<\/a><\/p>\t\t\t\t\t\t\t\t<\/div>\n\t\t\t\t<\/div>\n\t\t\t\t\t<\/div>\n\t\t<\/div>\n\t\t\t\t\t<\/div>\n\t\t<\/section>\n\t\t\t\t<\/div>","protected":false},"excerpt":{"rendered":"<p>Contacter un expert Merci de l'int\u00e9r\u00eat que vous portez \u00e0 Sirix ! Un membre de notre \u00e9quipe vous contactera bient\u00f4t. Retourner \u00e0 la page. Vous voulez en savoir plus sur l'industrie de la s\u00e9curit\u00e9 ? Consultez notre section blogue<\/p>","protected":false},"author":21,"featured_media":0,"parent":0,"menu_order":0,"comment_status":"open","ping_status":"closed","template":"elementor_header_footer","meta":{"_acf_changed":false,"footnotes":""},"class_list":["post-66281","page","type-page","status-publish","hentry"],"acf":[],"yoast_head":"<!-- This site is optimized with the Yoast SEO Premium plugin v27.4 (Yoast SEO v27.4) - https:\/\/yoast.com\/product\/yoast-seo-premium-wordpress\/ -->\n<title>Thank You for Contacting Sirix Monitoring<\/title>\n<meta name=\"description\" content=\"Thanks for contacting Sirix Monitoring! We\u2019ve received your message and will reply soon. Meanwhile, check out our monitoring solutions.\" \/>\n<meta name=\"robots\" content=\"index, follow, max-snippet:-1, max-image-preview:large, max-video-preview:-1\" \/>\n<link rel=\"canonical\" href=\"https:\/\/sirixmonitoring.com\/fr\/contact-thanks\/\" \/>\n<meta property=\"og:locale\" content=\"fr_FR\" \/>\n<meta property=\"og:type\" content=\"article\" \/>\n<meta property=\"og:title\" content=\"Contact Thanks\" \/>\n<meta property=\"og:description\" content=\"Thanks for contacting Sirix Monitoring! We\u2019ve received your message and will reply soon. Meanwhile, check out our monitoring solutions.\" \/>\n<meta property=\"og:url\" content=\"https:\/\/sirixmonitoring.com\/fr\/contact-thanks\/\" \/>\n<meta property=\"og:site_name\" content=\"Sirix Monitoring\" \/>\n<meta property=\"article:publisher\" content=\"https:\/\/www.facebook.com\/sirixmonitoring\" \/>\n<meta property=\"article:modified_time\" content=\"2025-06-30T14:18:10+00:00\" \/>\n<meta property=\"og:image\" content=\"https:\/\/sirixmonitoring.com\/wp-content\/uploads\/2023\/05\/sirix-logo-1.png\" \/>\n\t<meta property=\"og:image:width\" content=\"711\" \/>\n\t<meta property=\"og:image:height\" content=\"277\" \/>\n\t<meta property=\"og:image:type\" content=\"image\/png\" \/>\n<meta name=\"twitter:card\" content=\"summary_large_image\" \/>\n<meta name=\"twitter:label1\" content=\"Dur\u00e9e de lecture estim\u00e9e\" \/>\n\t<meta name=\"twitter:data1\" content=\"1 minute\" \/>\n<!-- \/ Yoast SEO Premium plugin. -->","yoast_head_json":{"title":"Merci d'avoir contact\u00e9 Sirix Monitoring","description":"Merci d'avoir contact\u00e9 Sirix Monitoring ! Nous avons re\u00e7u votre message et vous r\u00e9pondrons bient\u00f4t. En attendant, consultez nos solutions de surveillance.","robots":{"index":"index","follow":"follow","max-snippet":"max-snippet:-1","max-image-preview":"max-image-preview:large","max-video-preview":"max-video-preview:-1"},"canonical":"https:\/\/sirixmonitoring.com\/fr\/contact-thanks\/","og_locale":"fr_FR","og_type":"article","og_title":"Contact Thanks","og_description":"Thanks for contacting Sirix Monitoring! We\u2019ve received your message and will reply soon. Meanwhile, check out our monitoring solutions.","og_url":"https:\/\/sirixmonitoring.com\/fr\/contact-thanks\/","og_site_name":"Sirix Monitoring","article_publisher":"https:\/\/www.facebook.com\/sirixmonitoring","article_modified_time":"2025-06-30T14:18:10+00:00","og_image":[{"width":711,"height":277,"url":"https:\/\/sirixmonitoring.com\/wp-content\/uploads\/2023\/05\/sirix-logo-1.png","type":"image\/png"}],"twitter_card":"summary_large_image","twitter_misc":{"Dur\u00e9e de lecture estim\u00e9e":"1 minute"},"schema":{"@context":"https:\/\/schema.org","@graph":[{"@type":"WebPage","@id":"https:\/\/sirixmonitoring.com\/contact-thanks\/","url":"https:\/\/sirixmonitoring.com\/contact-thanks\/","name":"Merci d'avoir contact\u00e9 Sirix Monitoring","isPartOf":{"@id":"https:\/\/sirixmonitoring.com\/#website"},"datePublished":"2025-02-06T07:34:53+00:00","dateModified":"2025-06-30T14:18:10+00:00","description":"Merci d'avoir contact\u00e9 Sirix Monitoring ! Nous avons re\u00e7u votre message et vous r\u00e9pondrons bient\u00f4t. En attendant, consultez nos solutions de surveillance.","breadcrumb":{"@id":"https:\/\/sirixmonitoring.com\/contact-thanks\/#breadcrumb"},"inLanguage":"fr-FR","potentialAction":[{"@type":"ReadAction","target":["https:\/\/sirixmonitoring.com\/contact-thanks\/"]}]},{"@type":"BreadcrumbList","@id":"https:\/\/sirixmonitoring.com\/contact-thanks\/#breadcrumb","itemListElement":[{"@type":"ListItem","position":1,"name":"Home","item":"https:\/\/sirixmonitoring.com\/"},{"@type":"ListItem","position":2,"name":"Contact Thanks"}]},{"@type":"WebSite","@id":"https:\/\/sirixmonitoring.com\/#website","url":"https:\/\/sirixmonitoring.com\/","name":"Sirix","description":"Services et solutions de s\u00e9curit\u00e9 pour les entreprises","publisher":{"@id":"https:\/\/sirixmonitoring.com\/#organization"},"alternateName":"Sirix Monitoring","potentialAction":[{"@type":"SearchAction","target":{"@type":"EntryPoint","urlTemplate":"https:\/\/sirixmonitoring.com\/?s={search_term_string}"},"query-input":{"@type":"PropertyValueSpecification","valueRequired":true,"valueName":"search_term_string"}}],"inLanguage":"fr-FR"},{"@type":["Organization","Place"],"@id":"https:\/\/sirixmonitoring.com\/#organization","name":"Sirix","alternateName":"Sirix Monitoring","url":"https:\/\/sirixmonitoring.com\/","logo":{"@id":"https:\/\/sirixmonitoring.com\/contact-thanks\/#local-main-organization-logo"},"image":{"@id":"https:\/\/sirixmonitoring.com\/contact-thanks\/#local-main-organization-logo"},"sameAs":["https:\/\/www.facebook.com\/sirixmonitoring","https:\/\/mastodon.social\/@sirixmonitoringofficial","https:\/\/www.linkedin.com\/company\/sirix\/","https:\/\/www.youtube.com\/@sirix_monitoring\/videos"],"description":"Sirix est un centre d'op\u00e9rations de s\u00e9curit\u00e9 de pointe qui fournit aux revendeurs de s\u00e9curit\u00e9 des services d'experts et des solutions de pointe en mati\u00e8re de surveillance \u00e0 distance en direct pour g\u00e9rer et prot\u00e9ger les organisations de leurs clients dans toute l'Am\u00e9rique du Nord. La vid\u00e9osurveillance, la conciergerie \u00e0 distance, le contr\u00f4le des portes \u00e0 distance, la v\u00e9rification vid\u00e9o des alarmes, la visite virtuelle des gardiens, la conversation vocale et la surveillance de l'infrastructure font partie des services que nous offrons.","legalName":"Sirix Monitoring","numberOfEmployees":{"@type":"QuantitativeValue","minValue":"501","maxValue":"1000"},"telephone":[],"openingHoursSpecification":{"@type":"OpeningHoursSpecification","dayOfWeek":["Monday","Tuesday","Wednesday","Thursday","Friday","Saturday","Sunday"],"opens":"00:00","closes":"23:59"}},{"@type":"ImageObject","inLanguage":"fr-FR","@id":"https:\/\/sirixmonitoring.com\/contact-thanks\/#local-main-organization-logo","url":"https:\/\/sirixmonitoring.com\/wp-content\/uploads\/2023\/05\/sirix-logo-1.png","contentUrl":"https:\/\/sirixmonitoring.com\/wp-content\/uploads\/2023\/05\/sirix-logo-1.png","width":711,"height":277,"caption":"Sirix"}]}},"_links":{"self":[{"href":"https:\/\/sirixmonitoring.com\/fr\/wp-json\/wp\/v2\/pages\/66281","targetHints":{"allow":["GET"]}}],"collection":[{"href":"https:\/\/sirixmonitoring.com\/fr\/wp-json\/wp\/v2\/pages"}],"about":[{"href":"https:\/\/sirixmonitoring.com\/fr\/wp-json\/wp\/v2\/types\/page"}],"author":[{"embeddable":true,"href":"https:\/\/sirixmonitoring.com\/fr\/wp-json\/wp\/v2\/users\/21"}],"replies":[{"embeddable":true,"href":"https:\/\/sirixmonitoring.com\/fr\/wp-json\/wp\/v2\/comments?post=66281"}],"version-history":[{"count":0,"href":"https:\/\/sirixmonitoring.com\/fr\/wp-json\/wp\/v2\/pages\/66281\/revisions"}],"wp:attachment":[{"href":"https:\/\/sirixmonitoring.com\/fr\/wp-json\/wp\/v2\/media?parent=66281"}],"curies":[{"name":"wp","href":"https:\/\/api.w.org\/{rel}","templated":true}]}}