{"id":71967,"date":"2025-04-25T13:31:01","date_gmt":"2025-04-25T18:31:01","guid":{"rendered":"https:\/\/sirixmonitoring.com\/?page_id=71967"},"modified":"2025-06-24T06:39:57","modified_gmt":"2025-06-24T11:39:57","slug":"multi-family-residence-security-brochure","status":"publish","type":"page","link":"https:\/\/sirixmonitoring.com\/fr\/multi-family-residence-security-brochure\/","title":{"rendered":"Brochure sur la s\u00e9curit\u00e9 des r\u00e9sidences multifamiliales"},"content":{"rendered":"\t\t<div data-elementor-type=\"wp-page\" data-elementor-id=\"71967\" class=\"elementor elementor-71967\" data-elementor-post-type=\"page\">\n\t\t\t\t<div class=\"elementor-element elementor-element-40def3fe e-flex e-con-boxed e-con e-parent\" data-id=\"40def3fe\" data-element_type=\"container\" data-e-type=\"container\">\n\t\t\t\t\t<div class=\"e-con-inner\">\n\t\t<div class=\"elementor-element elementor-element-66b50b30 e-con-full e-flex e-con e-child\" data-id=\"66b50b30\" data-element_type=\"container\" data-e-type=\"container\">\n\t\t\t\t<div class=\"elementor-element elementor-element-6dd5d832 elementor-widget elementor-widget-heading\" data-id=\"6dd5d832\" data-element_type=\"widget\" data-e-type=\"widget\" data-widget_type=\"heading.default\">\n\t\t\t\t<div class=\"elementor-widget-container\">\n\t\t\t\t\t<span class=\"elementor-heading-title elementor-size-default\">Get your free brochure<\/span>\t\t\t\t<\/div>\n\t\t\t\t<\/div>\n\t\t\t\t<div class=\"elementor-element elementor-element-73632a5 elementor-widget__width-initial elementor-widget elementor-widget-heading\" data-id=\"73632a5\" data-element_type=\"widget\" data-e-type=\"widget\" data-widget_type=\"heading.default\">\n\t\t\t\t<div class=\"elementor-widget-container\">\n\t\t\t\t\t<h1 class=\"elementor-heading-title elementor-size-default\">Multi-family residence security solutions 2025.<\/h1>\t\t\t\t<\/div>\n\t\t\t\t<\/div>\n\t\t\t\t<div class=\"elementor-element elementor-element-59167274 elementor-widget-mobile__width-inherit elementor-widget-tablet__width-initial elementor-widget elementor-widget-text-editor\" data-id=\"59167274\" data-element_type=\"widget\" data-e-type=\"widget\" data-widget_type=\"text-editor.default\">\n\t\t\t\t<div class=\"elementor-widget-container\">\n\t\t\t\t\t\t\t\t\t<p>Amid labor shortages and rising property crimes, live video monitoring is set to become a necessity for secure, smart living.<\/p>\t\t\t\t\t\t\t\t<\/div>\n\t\t\t\t<\/div>\n\t\t\t\t<div class=\"elementor-element elementor-element-6d558144 elementor-widget-mobile__width-inherit elementor-widget-tablet__width-initial elementor-widget elementor-widget-text-editor\" data-id=\"6d558144\" data-element_type=\"widget\" data-e-type=\"widget\" data-widget_type=\"text-editor.default\">\n\t\t\t\t<div class=\"elementor-widget-container\">\n\t\t\t\t\t\t\t\t\t<p>Learn how Sirix\u2019s next-gen security solutions can elevate your business\u2014offering continuous monitoring, emergency intercom response, AI-powered detection, and much more.<\/p>\t\t\t\t\t\t\t\t<\/div>\n\t\t\t\t<\/div>\n\t\t\t\t<div class=\"elementor-element elementor-element-49541178 elementor-widget elementor-widget-image\" data-id=\"49541178\" data-element_type=\"widget\" data-e-type=\"widget\" data-widget_type=\"image.default\">\n\t\t\t\t<div class=\"elementor-widget-container\">\n\t\t\t\t\t\t\t\t\t\t\t\t\t\t\t<img fetchpriority=\"high\" decoding=\"async\" width=\"1065\" height=\"576\" src=\"https:\/\/sirixmonitoring.com\/wp-content\/uploads\/2025\/02\/Resource-Landing-Page-Mockup-graphics-02.webp\" class=\"attachment-full size-full wp-image-66800\" alt=\"Laptop showing a security solutions webpage with layered floating screens.\" srcset=\"https:\/\/sirixmonitoring.com\/wp-content\/uploads\/2025\/02\/Resource-Landing-Page-Mockup-graphics-02.webp 1065w, https:\/\/sirixmonitoring.com\/wp-content\/uploads\/2025\/02\/Resource-Landing-Page-Mockup-graphics-02-300x162.webp 300w, https:\/\/sirixmonitoring.com\/wp-content\/uploads\/2025\/02\/Resource-Landing-Page-Mockup-graphics-02-1024x554.webp 1024w, https:\/\/sirixmonitoring.com\/wp-content\/uploads\/2025\/02\/Resource-Landing-Page-Mockup-graphics-02-768x415.webp 768w, https:\/\/sirixmonitoring.com\/wp-content\/uploads\/2025\/02\/Resource-Landing-Page-Mockup-graphics-02-18x10.webp 18w, https:\/\/sirixmonitoring.com\/wp-content\/uploads\/2025\/02\/Resource-Landing-Page-Mockup-graphics-02-600x325.webp 600w\" sizes=\"(max-width: 1065px) 100vw, 1065px\" \/>\t\t\t\t\t\t\t\t\t\t\t\t\t\t\t<\/div>\n\t\t\t\t<\/div>\n\t\t\t\t<\/div>\n\t\t<div class=\"elementor-element elementor-element-5e96ff8 e-con-full e-flex e-con e-child\" data-id=\"5e96ff8\" data-element_type=\"container\" data-e-type=\"container\">\n\t\t<div class=\"elementor-element elementor-element-ddb1005 e-con-full e-flex e-con e-child\" data-id=\"ddb1005\" data-element_type=\"container\" data-e-type=\"container\" data-settings=\"{&quot;background_background&quot;:&quot;classic&quot;}\">\n\t\t\t\t<div class=\"elementor-element elementor-element-6ad00666 elementor-widget elementor-widget-heading\" data-id=\"6ad00666\" data-element_type=\"widget\" data-e-type=\"widget\" data-widget_type=\"heading.default\">\n\t\t\t\t<div class=\"elementor-widget-container\">\n\t\t\t\t\t<h2 class=\"elementor-heading-title elementor-size-default\">Fill out the form and get your brochure emailed to you!<\/h2>\t\t\t\t<\/div>\n\t\t\t\t<\/div>\n\t\t\t\t<div class=\"elementor-element elementor-element-10f5aec2 elementor-button-align-start elementor-widget elementor-widget-form\" data-id=\"10f5aec2\" data-element_type=\"widget\" data-e-type=\"widget\" data-settings=\"{&quot;step_next_label&quot;:&quot;Next&quot;,&quot;step_previous_label&quot;:&quot;Previous&quot;,&quot;button_width&quot;:&quot;100&quot;,&quot;step_type&quot;:&quot;number_text&quot;,&quot;step_icon_shape&quot;:&quot;circle&quot;}\" data-widget_type=\"form.default\">\n\t\t\t\t<div class=\"elementor-widget-container\">\n\t\t\t\t\t\t\t<form class=\"elementor-form\" method=\"post\" id=\"email_form\" name=\"email_form\" aria-label=\"email_form\">\n\t\t\t<input type=\"hidden\" name=\"post_id\" value=\"71967\"\/>\n\t\t\t<input type=\"hidden\" name=\"form_id\" value=\"10f5aec2\"\/>\n\t\t\t<input type=\"hidden\" name=\"referer_title\" value=\"Sirix Monitoring\" \/>\n\n\t\t\t\n\t\t\t<div class=\"elementor-form-fields-wrapper elementor-labels-above\">\n\t\t\t\t\t\t\t\t<div class=\"elementor-field-type-text elementor-field-group elementor-column elementor-field-group-name elementor-col-100 elementor-field-required elementor-mark-required\">\n\t\t\t\t\t\t\t\t\t\t\t\t<label for=\"form-field-name\" class=\"elementor-field-label\">\n\t\t\t\t\t\t\t\tYour name\t\t\t\t\t\t\t<\/label>\n\t\t\t\t\t\t\t\t\t\t\t\t\t\t<input size=\"1\" type=\"text\" name=\"form_fields[name]\" id=\"form-field-name\" class=\"elementor-field elementor-size-md  elementor-field-textual\" required=\"required\">\n\t\t\t\t\t\t\t\t\t\t\t<\/div>\n\t\t\t\t\t\t\t\t<div class=\"elementor-field-type-email elementor-field-group elementor-column elementor-field-group-email elementor-col-100 elementor-field-required elementor-mark-required\">\n\t\t\t\t\t\t\t\t\t\t\t\t<label for=\"form-field-email\" class=\"elementor-field-label\">\n\t\t\t\t\t\t\t\tCompany email\t\t\t\t\t\t\t<\/label>\n\t\t\t\t\t\t\t\t\t\t\t\t\t\t<input size=\"1\" type=\"email\" name=\"form_fields[email]\" id=\"form-field-email\" class=\"elementor-field elementor-size-md  elementor-field-textual\" required=\"required\">\n\t\t\t\t\t\t\t\t\t\t\t<\/div>\n\t\t\t\t\t\t\t\t<div class=\"elementor-field-type-html elementor-field-group elementor-column elementor-field-group-field_838cdb8 elementor-col-100\">\n\t\t\t\t\t<span style=\"font-size: 18px; color: #86868B;\"> If you use a personal email from providers like Gmail, Yahoo, Outlook, or AOL, please request your multi-family residence security brochure directly at <\/span><a href= \"mailto:info@sirixmonitoring.com\">info@sirixmonitoring.com.<\/a>\t\t\t\t<\/div>\n\t\t\t\t\t\t\t\t<div class=\"elementor-field-type-text elementor-field-group elementor-column elementor-field-group-message elementor-col-100 elementor-field-required elementor-mark-required\">\n\t\t\t\t\t\t\t\t\t\t\t\t<label for=\"form-field-message\" class=\"elementor-field-label\">\n\t\t\t\t\t\t\t\tCompany\t\t\t\t\t\t\t<\/label>\n\t\t\t\t\t\t\t\t\t\t\t\t\t\t<input size=\"1\" type=\"text\" name=\"form_fields[message]\" id=\"form-field-message\" class=\"elementor-field elementor-size-md  elementor-field-textual\" required=\"required\">\n\t\t\t\t\t\t\t\t\t\t\t<\/div>\n\t\t\t\t\t\t\t\t<div class=\"elementor-field-type-checkbox elementor-field-group elementor-column elementor-field-group-field_7ff4705 elementor-col-100\">\n\t\t\t\t\t<div class=\"elementor-field-subgroup  elementor-subgroup-inline\"><span class=\"elementor-field-option\"><input type=\"checkbox\" value=\"&lt;span class=&quot;agree-lable&quot;&gt;I agree to receive service updates, product news, and other information from Sirix via email.  By checking this box, I acknowledge and accept the&lt;\/span&gt;&lt;a href=&quot;https:\/\/sirixmonitoring.com\/privacy-policy\/&quot;&gt; Privacy policy.&lt;\/a&gt;\" id=\"form-field-field_7ff4705-0\" name=\"form_fields[field_7ff4705]\"> <label for=\"form-field-field_7ff4705-0\"><span class=\"agree-lable\">I agree to receive service updates, product news, and other information from Sirix via email.  By checking this box, I acknowledge and accept the<\/span><a href=\"https:\/\/sirixmonitoring.com\/privacy-policy\/\"> Privacy policy.<\/a><\/label><\/span><\/div>\t\t\t\t<\/div>\n\t\t\t\t\t\t\t\t<div class=\"elementor-field-type-html elementor-field-group elementor-column elementor-field-group-field_071bdc2 elementor-col-100\">\n\t\t\t\t\t\t\t\t\t<\/div>\n\t\t\t\t\t\t\t\t<div class=\"elementor-field-group elementor-column elementor-field-type-submit elementor-col-100 e-form__buttons\">\n\t\t\t\t\t<button class=\"elementor-button elementor-size-sm\" type=\"submit\">\n\t\t\t\t\t\t<span class=\"elementor-button-content-wrapper\">\n\t\t\t\t\t\t\t\t\t\t\t\t\t\t\t\t\t\t\t\t\t\t<span class=\"elementor-button-text\">Submit<\/span>\n\t\t\t\t\t\t\t\t\t\t\t\t\t<\/span>\n\t\t\t\t\t<\/button>\n\t\t\t\t<\/div>\n\t\t\t<\/div>\n\t\t<\/form>\n\t\t\t\t\t\t<\/div>\n\t\t\t\t<\/div>\n\t\t\t\t<\/div>\n\t\t\t\t<\/div>\n\t\t\t\t\t<\/div>\n\t\t\t\t<\/div>\n\t\t\t\t<\/div>\n\t\t","protected":false},"excerpt":{"rendered":"<p>Get your free brochure Multi-family residence security solutions 2025. Amid labor shortages and rising property crimes, live video monitoring is set to become a necessity for secure, smart living. Learn how Sirix\u2019s next-gen security solutions can elevate your business\u2014offering continuous monitoring, emergency intercom response, AI-powered detection, and much more. Fill out the form and get [&hellip;]<\/p>\n","protected":false},"author":21,"featured_media":66800,"parent":0,"menu_order":0,"comment_status":"closed","ping_status":"closed","template":"","meta":{"_acf_changed":false,"footnotes":""},"class_list":["post-71967","page","type-page","status-publish","has-post-thumbnail","hentry"],"acf":[],"yoast_head":"<!-- This site is optimized with the Yoast SEO Premium plugin v27.4 (Yoast SEO v27.4) - https:\/\/yoast.com\/product\/yoast-seo-premium-wordpress\/ -->\n<title>Multi Family Residence Security Brochure - Sirix Monitoring<\/title>\n<meta name=\"description\" content=\"Request our free Multi-Family Residence Security brochure\u2014fill out the form today and receive it directly in your email inbox.\" \/>\n<meta name=\"robots\" content=\"index, follow, max-snippet:-1, max-image-preview:large, max-video-preview:-1\" \/>\n<link rel=\"canonical\" href=\"https:\/\/sirixmonitoring.com\/fr\/multi-family-residence-security-brochure\/\" \/>\n<meta property=\"og:locale\" content=\"fr_FR\" \/>\n<meta property=\"og:type\" content=\"article\" \/>\n<meta property=\"og:title\" content=\"Multi Family Residence Security Brochure\" \/>\n<meta property=\"og:description\" content=\"Request our free Multi-Family Residence Security brochure\u2014fill out the form today and receive it directly in your email inbox.\" \/>\n<meta property=\"og:url\" content=\"https:\/\/sirixmonitoring.com\/fr\/multi-family-residence-security-brochure\/\" \/>\n<meta property=\"og:site_name\" content=\"Sirix Monitoring\" \/>\n<meta property=\"article:publisher\" content=\"https:\/\/www.facebook.com\/sirixmonitoring\" \/>\n<meta property=\"article:modified_time\" content=\"2025-06-24T11:39:57+00:00\" \/>\n<meta property=\"og:image\" content=\"https:\/\/sirixmonitoring.com\/wp-content\/uploads\/2025\/02\/Resource-Landing-Page-Mockup-graphics-02.webp\" \/>\n\t<meta property=\"og:image:width\" content=\"1065\" \/>\n\t<meta property=\"og:image:height\" content=\"576\" \/>\n\t<meta property=\"og:image:type\" content=\"image\/webp\" \/>\n<meta name=\"twitter:card\" content=\"summary_large_image\" \/>\n<meta name=\"twitter:label1\" content=\"Dur\u00e9e de lecture estim\u00e9e\" \/>\n\t<meta name=\"twitter:data1\" content=\"1 minute\" \/>\n<!-- \/ Yoast SEO Premium plugin. -->","yoast_head_json":{"title":"Brochure sur la s\u00e9curit\u00e9 des r\u00e9sidences multifamiliales - Sirix Monitoring","description":"Demandez notre brochure gratuite sur la s\u00e9curit\u00e9 des r\u00e9sidences multifamiliales - remplissez le formulaire d\u00e8s aujourd'hui et recevez-la directement dans votre bo\u00eete aux lettres \u00e9lectronique.","robots":{"index":"index","follow":"follow","max-snippet":"max-snippet:-1","max-image-preview":"max-image-preview:large","max-video-preview":"max-video-preview:-1"},"canonical":"https:\/\/sirixmonitoring.com\/fr\/multi-family-residence-security-brochure\/","og_locale":"fr_FR","og_type":"article","og_title":"Multi Family Residence Security Brochure","og_description":"Request our free Multi-Family Residence Security brochure\u2014fill out the form today and receive it directly in your email inbox.","og_url":"https:\/\/sirixmonitoring.com\/fr\/multi-family-residence-security-brochure\/","og_site_name":"Sirix Monitoring","article_publisher":"https:\/\/www.facebook.com\/sirixmonitoring","article_modified_time":"2025-06-24T11:39:57+00:00","og_image":[{"width":1065,"height":576,"url":"https:\/\/sirixmonitoring.com\/wp-content\/uploads\/2025\/02\/Resource-Landing-Page-Mockup-graphics-02.webp","type":"image\/webp"}],"twitter_card":"summary_large_image","twitter_misc":{"Dur\u00e9e de lecture estim\u00e9e":"1 minute"},"schema":{"@context":"https:\/\/schema.org","@graph":[{"@type":"WebPage","@id":"https:\/\/sirixmonitoring.com\/multi-family-residence-security-brochure\/","url":"https:\/\/sirixmonitoring.com\/multi-family-residence-security-brochure\/","name":"Brochure sur la s\u00e9curit\u00e9 des r\u00e9sidences multifamiliales - Sirix Monitoring","isPartOf":{"@id":"https:\/\/sirixmonitoring.com\/#website"},"primaryImageOfPage":{"@id":"https:\/\/sirixmonitoring.com\/multi-family-residence-security-brochure\/#primaryimage"},"image":{"@id":"https:\/\/sirixmonitoring.com\/multi-family-residence-security-brochure\/#primaryimage"},"thumbnailUrl":"https:\/\/sirixmonitoring.com\/wp-content\/uploads\/2025\/02\/Resource-Landing-Page-Mockup-graphics-02.webp","datePublished":"2025-04-25T18:31:01+00:00","dateModified":"2025-06-24T11:39:57+00:00","description":"Demandez notre brochure gratuite sur la s\u00e9curit\u00e9 des r\u00e9sidences multifamiliales - remplissez le formulaire d\u00e8s aujourd'hui et recevez-la directement dans votre bo\u00eete aux lettres \u00e9lectronique.","breadcrumb":{"@id":"https:\/\/sirixmonitoring.com\/multi-family-residence-security-brochure\/#breadcrumb"},"inLanguage":"fr-FR","potentialAction":[{"@type":"ReadAction","target":["https:\/\/sirixmonitoring.com\/multi-family-residence-security-brochure\/"]}]},{"@type":"ImageObject","inLanguage":"fr-FR","@id":"https:\/\/sirixmonitoring.com\/multi-family-residence-security-brochure\/#primaryimage","url":"https:\/\/sirixmonitoring.com\/wp-content\/uploads\/2025\/02\/Resource-Landing-Page-Mockup-graphics-02.webp","contentUrl":"https:\/\/sirixmonitoring.com\/wp-content\/uploads\/2025\/02\/Resource-Landing-Page-Mockup-graphics-02.webp","width":1065,"height":576,"caption":"Laptop showing a security solutions webpage with layered floating screens."},{"@type":"BreadcrumbList","@id":"https:\/\/sirixmonitoring.com\/multi-family-residence-security-brochure\/#breadcrumb","itemListElement":[{"@type":"ListItem","position":1,"name":"Home","item":"https:\/\/sirixmonitoring.com\/"},{"@type":"ListItem","position":2,"name":"Multi Family Residence Security Brochure"}]},{"@type":"WebSite","@id":"https:\/\/sirixmonitoring.com\/#website","url":"https:\/\/sirixmonitoring.com\/","name":"Sirix","description":"Services et solutions de s\u00e9curit\u00e9 pour les entreprises","publisher":{"@id":"https:\/\/sirixmonitoring.com\/#organization"},"alternateName":"Sirix Monitoring","potentialAction":[{"@type":"SearchAction","target":{"@type":"EntryPoint","urlTemplate":"https:\/\/sirixmonitoring.com\/?s={search_term_string}"},"query-input":{"@type":"PropertyValueSpecification","valueRequired":true,"valueName":"search_term_string"}}],"inLanguage":"fr-FR"},{"@type":["Organization","Place"],"@id":"https:\/\/sirixmonitoring.com\/#organization","name":"Sirix","alternateName":"Sirix Monitoring","url":"https:\/\/sirixmonitoring.com\/","logo":{"@id":"https:\/\/sirixmonitoring.com\/multi-family-residence-security-brochure\/#local-main-organization-logo"},"image":{"@id":"https:\/\/sirixmonitoring.com\/multi-family-residence-security-brochure\/#local-main-organization-logo"},"sameAs":["https:\/\/www.facebook.com\/sirixmonitoring","https:\/\/mastodon.social\/@sirixmonitoringofficial","https:\/\/www.linkedin.com\/company\/sirix\/","https:\/\/www.youtube.com\/@sirix_monitoring\/videos"],"description":"Sirix est un centre d'op\u00e9rations de s\u00e9curit\u00e9 de pointe qui fournit aux revendeurs de s\u00e9curit\u00e9 des services d'experts et des solutions de pointe en mati\u00e8re de surveillance \u00e0 distance en direct pour g\u00e9rer et prot\u00e9ger les organisations de leurs clients dans toute l'Am\u00e9rique du Nord. La vid\u00e9osurveillance, la conciergerie \u00e0 distance, le contr\u00f4le des portes \u00e0 distance, la v\u00e9rification vid\u00e9o des alarmes, la visite virtuelle des gardiens, la conversation vocale et la surveillance de l'infrastructure font partie des services que nous offrons.","legalName":"Sirix Monitoring","numberOfEmployees":{"@type":"QuantitativeValue","minValue":"501","maxValue":"1000"},"telephone":[],"openingHoursSpecification":{"@type":"OpeningHoursSpecification","dayOfWeek":["Monday","Tuesday","Wednesday","Thursday","Friday","Saturday","Sunday"],"opens":"00:00","closes":"23:59"}},{"@type":"ImageObject","inLanguage":"fr-FR","@id":"https:\/\/sirixmonitoring.com\/multi-family-residence-security-brochure\/#local-main-organization-logo","url":"https:\/\/sirixmonitoring.com\/wp-content\/uploads\/2023\/05\/sirix-logo-1.png","contentUrl":"https:\/\/sirixmonitoring.com\/wp-content\/uploads\/2023\/05\/sirix-logo-1.png","width":711,"height":277,"caption":"Sirix"}]}},"_links":{"self":[{"href":"https:\/\/sirixmonitoring.com\/fr\/wp-json\/wp\/v2\/pages\/71967","targetHints":{"allow":["GET"]}}],"collection":[{"href":"https:\/\/sirixmonitoring.com\/fr\/wp-json\/wp\/v2\/pages"}],"about":[{"href":"https:\/\/sirixmonitoring.com\/fr\/wp-json\/wp\/v2\/types\/page"}],"author":[{"embeddable":true,"href":"https:\/\/sirixmonitoring.com\/fr\/wp-json\/wp\/v2\/users\/21"}],"replies":[{"embeddable":true,"href":"https:\/\/sirixmonitoring.com\/fr\/wp-json\/wp\/v2\/comments?post=71967"}],"version-history":[{"count":0,"href":"https:\/\/sirixmonitoring.com\/fr\/wp-json\/wp\/v2\/pages\/71967\/revisions"}],"wp:featuredmedia":[{"embeddable":true,"href":"https:\/\/sirixmonitoring.com\/fr\/wp-json\/wp\/v2\/media\/66800"}],"wp:attachment":[{"href":"https:\/\/sirixmonitoring.com\/fr\/wp-json\/wp\/v2\/media?parent=71967"}],"curies":[{"name":"wp","href":"https:\/\/api.w.org\/{rel}","templated":true}]}}