{"id":378,"date":"2025-09-16T05:16:53","date_gmt":"2025-09-16T05:16:53","guid":{"rendered":"https:\/\/sirixmonitoring.com\/products\/?post_type=product&#038;p=378"},"modified":"2025-12-12T12:07:02","modified_gmt":"2025-12-12T12:07:02","slug":"toa-ip-horn-speaker-ip-a1sc15","status":"publish","type":"product","link":"https:\/\/sirixmonitoring.com\/products\/fr\/toa-ip-horn-speaker-ip-a1sc15\/","title":{"rendered":"TOA Haut-parleur \u00e0 pavillon IP-A1SC15"},"content":{"rendered":"<p>Des performances audio puissantes<br \/>Capacit\u00e9s de r\u00e9seau polyvalentes<br \/>R\u00e9sistant aux intemp\u00e9ries pour une utilisation en ext\u00e9rieur<\/p>","protected":false},"excerpt":{"rendered":"<p>Powerful audio performanceVersatile network capabilitiesWeather-resistant for outdoor use<\/p>","protected":false},"featured_media":142,"template":"","meta":{"_acf_changed":false},"product_brand":[],"product_cat":[51],"product_tag":[],"class_list":{"0":"post-378","1":"product","2":"type-product","3":"status-publish","4":"has-post-thumbnail","6":"product_cat-network-speakers","8":"first","9":"instock","10":"shipping-taxable","11":"product-type-simple"},"acf":[],"yoast_head":"<!-- This site is optimized with the Yoast SEO plugin v27.3 - https:\/\/yoast.com\/product\/yoast-seo-wordpress\/ -->\n<title>TOA IP Horn Speaker IP-A1SC15 - Sirix Monitoring<\/title>\n<meta name=\"robots\" content=\"noindex, follow, max-snippet:-1, max-image-preview:large, max-video-preview:-1\" \/>\n<meta property=\"og:locale\" content=\"fr_FR\" \/>\n<meta property=\"og:type\" content=\"article\" \/>\n<meta property=\"og:title\" content=\"TOA IP Horn Speaker IP-A1SC15 - Sirix Monitoring\" \/>\n<meta property=\"og:description\" content=\"Powerful audio performanceVersatile network capabilitiesWeather-resistant for outdoor use\" \/>\n<meta property=\"og:url\" content=\"https:\/\/sirixmonitoring.com\/products\/fr\/toa-ip-horn-speaker-ip-a1sc15\/\" \/>\n<meta property=\"og:site_name\" content=\"Sirix Monitoring\" \/>\n<meta property=\"article:modified_time\" content=\"2025-12-12T12:07:02+00:00\" \/>\n<meta property=\"og:image\" content=\"https:\/\/sirixmonitoring.com\/products\/wp-content\/uploads\/2025\/09\/Untitled-design-5-e1742291697706.webp\" \/>\n\t<meta property=\"og:image:width\" content=\"1400\" \/>\n\t<meta property=\"og:image:height\" content=\"1047\" \/>\n\t<meta property=\"og:image:type\" content=\"image\/webp\" \/>\n<meta name=\"twitter:card\" content=\"summary_large_image\" \/>\n<meta name=\"twitter:label1\" content=\"Dur\u00e9e de lecture estim\u00e9e\" \/>\n\t<meta name=\"twitter:data1\" content=\"1 minute\" \/>\n<script type=\"application\/ld+json\" class=\"yoast-schema-graph\">{\"@context\":\"https:\\\/\\\/schema.org\",\"@graph\":[{\"@type\":\"WebPage\",\"@id\":\"https:\\\/\\\/sirixmonitoring.com\\\/products\\\/toa-ip-horn-speaker-ip-a1sc15\\\/\",\"url\":\"https:\\\/\\\/sirixmonitoring.com\\\/products\\\/toa-ip-horn-speaker-ip-a1sc15\\\/\",\"name\":\"TOA IP Horn Speaker IP-A1SC15 - Sirix Monitoring\",\"isPartOf\":{\"@id\":\"https:\\\/\\\/sirixmonitoring.com\\\/products\\\/#website\"},\"primaryImageOfPage\":{\"@id\":\"https:\\\/\\\/sirixmonitoring.com\\\/products\\\/toa-ip-horn-speaker-ip-a1sc15\\\/#primaryimage\"},\"image\":{\"@id\":\"https:\\\/\\\/sirixmonitoring.com\\\/products\\\/toa-ip-horn-speaker-ip-a1sc15\\\/#primaryimage\"},\"thumbnailUrl\":\"https:\\\/\\\/sirixmonitoring.com\\\/products\\\/wp-content\\\/uploads\\\/2025\\\/09\\\/Untitled-design-5-e1742291697706.webp\",\"datePublished\":\"2025-09-16T05:16:53+00:00\",\"dateModified\":\"2025-12-12T12:07:02+00:00\",\"breadcrumb\":{\"@id\":\"https:\\\/\\\/sirixmonitoring.com\\\/products\\\/toa-ip-horn-speaker-ip-a1sc15\\\/#breadcrumb\"},\"inLanguage\":\"fr-FR\",\"potentialAction\":[{\"@type\":\"ReadAction\",\"target\":[\"https:\\\/\\\/sirixmonitoring.com\\\/products\\\/toa-ip-horn-speaker-ip-a1sc15\\\/\"]}]},{\"@type\":\"ImageObject\",\"inLanguage\":\"fr-FR\",\"@id\":\"https:\\\/\\\/sirixmonitoring.com\\\/products\\\/toa-ip-horn-speaker-ip-a1sc15\\\/#primaryimage\",\"url\":\"https:\\\/\\\/sirixmonitoring.com\\\/products\\\/wp-content\\\/uploads\\\/2025\\\/09\\\/Untitled-design-5-e1742291697706.webp\",\"contentUrl\":\"https:\\\/\\\/sirixmonitoring.com\\\/products\\\/wp-content\\\/uploads\\\/2025\\\/09\\\/Untitled-design-5-e1742291697706.webp\",\"width\":1400,\"height\":1047},{\"@type\":\"BreadcrumbList\",\"@id\":\"https:\\\/\\\/sirixmonitoring.com\\\/products\\\/toa-ip-horn-speaker-ip-a1sc15\\\/#breadcrumb\",\"itemListElement\":[{\"@type\":\"ListItem\",\"position\":1,\"name\":\"Home\",\"item\":\"https:\\\/\\\/sirixmonitoring.com\\\/products\\\/\"},{\"@type\":\"ListItem\",\"position\":2,\"name\":\"Products\",\"item\":\"https:\\\/\\\/sirixmonitoring.com\\\/products\\\/shop\\\/\"},{\"@type\":\"ListItem\",\"position\":3,\"name\":\"TOA IP Horn Speaker IP-A1SC15\"}]},{\"@type\":\"WebSite\",\"@id\":\"https:\\\/\\\/sirixmonitoring.com\\\/products\\\/#website\",\"url\":\"https:\\\/\\\/sirixmonitoring.com\\\/products\\\/\",\"name\":\"Sirix Monitoring\",\"description\":\"Security Solutions for Businesses\",\"publisher\":{\"@id\":\"https:\\\/\\\/sirixmonitoring.com\\\/products\\\/#organization\"},\"potentialAction\":[{\"@type\":\"SearchAction\",\"target\":{\"@type\":\"EntryPoint\",\"urlTemplate\":\"https:\\\/\\\/sirixmonitoring.com\\\/products\\\/?s={search_term_string}\"},\"query-input\":{\"@type\":\"PropertyValueSpecification\",\"valueRequired\":true,\"valueName\":\"search_term_string\"}}],\"inLanguage\":\"fr-FR\"},{\"@type\":\"Organization\",\"@id\":\"https:\\\/\\\/sirixmonitoring.com\\\/products\\\/#organization\",\"name\":\"Sirix Monitoring\",\"url\":\"https:\\\/\\\/sirixmonitoring.com\\\/products\\\/\",\"logo\":{\"@type\":\"ImageObject\",\"inLanguage\":\"fr-FR\",\"@id\":\"https:\\\/\\\/sirixmonitoring.com\\\/products\\\/#\\\/schema\\\/logo\\\/image\\\/\",\"url\":\"https:\\\/\\\/sirixmonitoring.com\\\/products\\\/wp-content\\\/uploads\\\/2025\\\/09\\\/cropped-Sirix-White-1-1.webp\",\"contentUrl\":\"https:\\\/\\\/sirixmonitoring.com\\\/products\\\/wp-content\\\/uploads\\\/2025\\\/09\\\/cropped-Sirix-White-1-1.webp\",\"width\":711,\"height\":277,\"caption\":\"Sirix Monitoring\"},\"image\":{\"@id\":\"https:\\\/\\\/sirixmonitoring.com\\\/products\\\/#\\\/schema\\\/logo\\\/image\\\/\"}}]}<\/script>\n<!-- \/ Yoast SEO plugin. -->","yoast_head_json":{"title":"TOA IP Horn Speaker IP-A1SC15 - Sirix Monitoring","robots":{"index":"noindex","follow":"follow","max-snippet":"max-snippet:-1","max-image-preview":"max-image-preview:large","max-video-preview":"max-video-preview:-1"},"og_locale":"fr_FR","og_type":"article","og_title":"TOA IP Horn Speaker IP-A1SC15 - Sirix Monitoring","og_description":"Powerful audio performanceVersatile network capabilitiesWeather-resistant for outdoor use","og_url":"https:\/\/sirixmonitoring.com\/products\/fr\/toa-ip-horn-speaker-ip-a1sc15\/","og_site_name":"Sirix Monitoring","article_modified_time":"2025-12-12T12:07:02+00:00","og_image":[{"width":1400,"height":1047,"url":"https:\/\/sirixmonitoring.com\/products\/wp-content\/uploads\/2025\/09\/Untitled-design-5-e1742291697706.webp","type":"image\/webp"}],"twitter_card":"summary_large_image","twitter_misc":{"Dur\u00e9e de lecture estim\u00e9e":"1 minute"},"schema":{"@context":"https:\/\/schema.org","@graph":[{"@type":"WebPage","@id":"https:\/\/sirixmonitoring.com\/products\/toa-ip-horn-speaker-ip-a1sc15\/","url":"https:\/\/sirixmonitoring.com\/products\/toa-ip-horn-speaker-ip-a1sc15\/","name":"TOA IP Horn Speaker IP-A1SC15 - Sirix Monitoring","isPartOf":{"@id":"https:\/\/sirixmonitoring.com\/products\/#website"},"primaryImageOfPage":{"@id":"https:\/\/sirixmonitoring.com\/products\/toa-ip-horn-speaker-ip-a1sc15\/#primaryimage"},"image":{"@id":"https:\/\/sirixmonitoring.com\/products\/toa-ip-horn-speaker-ip-a1sc15\/#primaryimage"},"thumbnailUrl":"https:\/\/sirixmonitoring.com\/products\/wp-content\/uploads\/2025\/09\/Untitled-design-5-e1742291697706.webp","datePublished":"2025-09-16T05:16:53+00:00","dateModified":"2025-12-12T12:07:02+00:00","breadcrumb":{"@id":"https:\/\/sirixmonitoring.com\/products\/toa-ip-horn-speaker-ip-a1sc15\/#breadcrumb"},"inLanguage":"fr-FR","potentialAction":[{"@type":"ReadAction","target":["https:\/\/sirixmonitoring.com\/products\/toa-ip-horn-speaker-ip-a1sc15\/"]}]},{"@type":"ImageObject","inLanguage":"fr-FR","@id":"https:\/\/sirixmonitoring.com\/products\/toa-ip-horn-speaker-ip-a1sc15\/#primaryimage","url":"https:\/\/sirixmonitoring.com\/products\/wp-content\/uploads\/2025\/09\/Untitled-design-5-e1742291697706.webp","contentUrl":"https:\/\/sirixmonitoring.com\/products\/wp-content\/uploads\/2025\/09\/Untitled-design-5-e1742291697706.webp","width":1400,"height":1047},{"@type":"BreadcrumbList","@id":"https:\/\/sirixmonitoring.com\/products\/toa-ip-horn-speaker-ip-a1sc15\/#breadcrumb","itemListElement":[{"@type":"ListItem","position":1,"name":"Home","item":"https:\/\/sirixmonitoring.com\/products\/"},{"@type":"ListItem","position":2,"name":"Products","item":"https:\/\/sirixmonitoring.com\/products\/shop\/"},{"@type":"ListItem","position":3,"name":"TOA IP Horn Speaker IP-A1SC15"}]},{"@type":"WebSite","@id":"https:\/\/sirixmonitoring.com\/products\/#website","url":"https:\/\/sirixmonitoring.com\/products\/","name":"Surveillance Sirix","description":"Solutions de s\u00e9curit\u00e9 pour les entreprises","publisher":{"@id":"https:\/\/sirixmonitoring.com\/products\/#organization"},"potentialAction":[{"@type":"SearchAction","target":{"@type":"EntryPoint","urlTemplate":"https:\/\/sirixmonitoring.com\/products\/?s={search_term_string}"},"query-input":{"@type":"PropertyValueSpecification","valueRequired":true,"valueName":"search_term_string"}}],"inLanguage":"fr-FR"},{"@type":"Organization","@id":"https:\/\/sirixmonitoring.com\/products\/#organization","name":"Surveillance Sirix","url":"https:\/\/sirixmonitoring.com\/products\/","logo":{"@type":"ImageObject","inLanguage":"fr-FR","@id":"https:\/\/sirixmonitoring.com\/products\/#\/schema\/logo\/image\/","url":"https:\/\/sirixmonitoring.com\/products\/wp-content\/uploads\/2025\/09\/cropped-Sirix-White-1-1.webp","contentUrl":"https:\/\/sirixmonitoring.com\/products\/wp-content\/uploads\/2025\/09\/cropped-Sirix-White-1-1.webp","width":711,"height":277,"caption":"Sirix Monitoring"},"image":{"@id":"https:\/\/sirixmonitoring.com\/products\/#\/schema\/logo\/image\/"}}]}},"_links":{"self":[{"href":"https:\/\/sirixmonitoring.com\/products\/fr\/wp-json\/wp\/v2\/product\/378","targetHints":{"allow":["GET"]}}],"collection":[{"href":"https:\/\/sirixmonitoring.com\/products\/fr\/wp-json\/wp\/v2\/product"}],"about":[{"href":"https:\/\/sirixmonitoring.com\/products\/fr\/wp-json\/wp\/v2\/types\/product"}],"wp:featuredmedia":[{"embeddable":true,"href":"https:\/\/sirixmonitoring.com\/products\/fr\/wp-json\/wp\/v2\/media\/142"}],"wp:attachment":[{"href":"https:\/\/sirixmonitoring.com\/products\/fr\/wp-json\/wp\/v2\/media?parent=378"}],"wp:term":[{"taxonomy":"product_brand","embeddable":true,"href":"https:\/\/sirixmonitoring.com\/products\/fr\/wp-json\/wp\/v2\/product_brand?post=378"},{"taxonomy":"product_cat","embeddable":true,"href":"https:\/\/sirixmonitoring.com\/products\/fr\/wp-json\/wp\/v2\/product_cat?post=378"},{"taxonomy":"product_tag","embeddable":true,"href":"https:\/\/sirixmonitoring.com\/products\/fr\/wp-json\/wp\/v2\/product_tag?post=378"}],"curies":[{"name":"wp","href":"https:\/\/api.w.org\/{rel}","templated":true}]}}